{"id":59,"date":"2025-11-05T08:25:46","date_gmt":"2025-11-05T08:25:46","guid":{"rendered":"https:\/\/cm.studiopampas.be\/?page_id=59"},"modified":"2026-03-25T15:22:59","modified_gmt":"2026-03-25T14:22:59","slug":"contact","status":"publish","type":"page","link":"https:\/\/catermonkey.com\/de\/contact\/","title":{"rendered":"Contact"},"content":{"rendered":"<div class=\"et_pb_section_0 et_pb_section et_section_regular et_block_section\">\n<div class=\"et_pb_row_0 et_pb_row et_block_row\">\n<div class=\"et_pb_column_0 et_pb_column et_pb_column_4_4 et-last-child et_block_column et_pb_css_mix_blend_mode_passthrough\">\n<div class=\"et_pb_heading_0 et_pb_heading et_pb_module et_block_module\"><div class=\"et_pb_heading_container\"><h1 class=\"et_pb_module_header\">Contact<\/h1><\/div><\/div>\n\n<div class=\"et_pb_text_0 et_pb_text et_pb_bg_layout_light et_pb_module et_block_module\"><div class=\"et_pb_text_inner\"><p>Als cateraar of eventlocatie heb je het al druk genoeg. Offertes, planning, facturatie \u2013 het kost tijd. Met Catermonkey\u2019s alles-in-\u00e9\u00e9n software houd je overzicht en werk je sneller, effici\u00ebnter en winstgevender.<br \/>Van offerte tot factuur: alles in \u00e9\u00e9n systeem. Dat scheelt tijd \u00e9n geeft rust. Zo focus jij op je klanten en team.<br \/>Elke onderneming is uniek. Daarom bieden we naast slimme software ook persoonlijke ondersteuning \u2013 telefonisch, per mail of in een gesprek. We denken met je mee, altijd vrijblijvend!<br \/>Ook voor maatwerkoplossingen staan we klaar. Zo sluit Catermonkey altijd aan op jouw manier van werken.<br \/>Catermonkey is jouw partner in groei, gemak en minder administratie.<br \/>Plan een gratis demo \u2013 binnen 1 minuut geregeld, geen verplichtingen<\/p>\n<\/div><\/div>\n\n<div class=\"et_pb_blurb_0 et_pb_blurb et_pb_bg_layout_light et_pb_blurb_position_left et_clickable et_pb_module et_flex_module preset--module--divi-blurb--15219c84-7db1-45ce-a488-ebf720bd83bd\"><div class=\"et_pb_blurb_content et_flex_module\"><div class=\"et_pb_main_blurb_image\"><a href=\"https:\/\/calendly.com\/d\/cnbm-jvq-ghn\/brainstorm\" target=\"_blank\"><span class=\"et_pb_image_wrap et_pb_only_image_mode_wrap\"><img decoding=\"async\" src=\"https:\/\/catermonkey.com\/de\/wp-content\/uploads\/sites\/14\/2025\/11\/Catermonkey-icon.svg\" class=\"wp-image-23960044\" title=\"Catermonkey-icon\" \/><\/span><\/a><\/div><div class=\"et_pb_blurb_container\"><h4 class=\"et_pb_module_header\"><a href=\"https:\/\/calendly.com\/d\/cnbm-jvq-ghn\/brainstorm\" target=\"_blank\">Brainstorm?<\/a><\/h4><\/div><\/div><\/div>\n<\/div>\n<\/div>\n<\/div>\n\n<div class=\"et_pb_section_1 et_pb_section et_section_regular et_block_section\">\n<div class=\"et_pb_row_1 et_pb_row et_block_row\">\n<div class=\"et_pb_column_1 et_pb_column et_pb_column_1_2 et_block_column et_pb_css_mix_blend_mode_passthrough\">\n<div class=\"et_pb_heading_1 et_pb_heading et_pb_module et_block_module\"><div class=\"et_pb_heading_container\"><h3 class=\"et_pb_module_header\">Contactgegevens\n\n<\/h3><\/div><\/div>\n\n<div class=\"et_pb_divider_0 et_pb_divider et_pb_space et_pb_divider_position_center et_pb_module\"><div class=\"et_pb_divider_internal\"><\/div><\/div>\n\n<div class=\"et_pb_text_1 et_pb_text et_pb_bg_layout_light et_pb_module et_block_module\"><div class=\"et_pb_text_inner\"><h4>Catermonkey Nederland<\/h4>\n<p>Harbour Office Lemmer<br \/>\nEmmakade 8, 8531 DT Lemmer<br \/>\nT: <strong>+31 (0) 88 266 6539<\/strong><br \/>\nKVK: 73334227<\/p>\n<\/div><\/div>\n\n<div class=\"et_pb_divider_1 et_pb_divider et_pb_space et_pb_divider_position_center et_pb_module\"><div class=\"et_pb_divider_internal\"><\/div><\/div>\n<\/div>\n\n<div class=\"et_pb_column_2 et_pb_column et_pb_column_1_2 et-last-child et_block_column et_pb_css_mix_blend_mode_passthrough\">\n<div class=\"et_pb_heading_2 et_pb_heading et_pb_module et_block_module\"><div class=\"et_pb_heading_container\"><h2 class=\"et_pb_module_header\">Stuur ons een berichtje\n\n<\/h2><\/div><\/div>\n\n<div class=\"et_pb_text_2 et_pb_text et_pb_bg_layout_light et_pb_module et_block_module\"><div class=\"et_pb_text_inner\"><div class=\"forminator-ui forminator-custom-form forminator-custom-form-23967551 forminator-design--flat  forminator_ajax\" data-forminator-render=\"0\" data-form=\"forminator-module-23967551\" data-uid=\"69dbdb7bc1e36\"><br\/><\/div><form\n\t\t\t\tid=\"forminator-module-23967551\"\n\t\t\t\tclass=\"forminator-ui forminator-custom-form forminator-custom-form-23967551 forminator-design--flat  forminator_ajax\"\n\t\t\t\tmethod=\"post\"\n\t\t\t\tdata-forminator-render=\"0\"\n\t\t\t\tdata-form-id=\"23967551\"\n\t\t\t\t data-color-option=\"default\" data-design=\"flat\" data-grid=\"open\" style=\"display: none;\"\n\t\t\t\tdata-uid=\"69dbdb7bc1e36\"\n\t\t\t><div role=\"alert\" aria-live=\"polite\" class=\"forminator-response-message forminator-error\" aria-hidden=\"true\"><\/div><div class=\"forminator-row\"><div id=\"name-1\" class=\"forminator-field-name forminator-col forminator-col-12 \"><div class=\"forminator-field\"><label for=\"forminator-field-name-1_69dbdb7bc1e36\" id=\"forminator-field-name-1_69dbdb7bc1e36-label\" class=\"forminator-label\">Je naam <span class=\"forminator-required\">*<\/span><\/label><input type=\"text\" name=\"name-1\" value=\"\" placeholder=\"\" id=\"forminator-field-name-1_69dbdb7bc1e36\" class=\"forminator-input forminator-name--field\" aria-required=\"true\" autocomplete=\"name\" \/><\/div><\/div><\/div><div class=\"forminator-row\"><div id=\"email-1\" class=\"forminator-field-email forminator-col forminator-col-6 \"><div class=\"forminator-field\"><label for=\"forminator-field-email-1_69dbdb7bc1e36\" id=\"forminator-field-email-1_69dbdb7bc1e36-label\" class=\"forminator-label\">Je e-mailadres <span class=\"forminator-required\">*<\/span><\/label><input type=\"email\" name=\"email-1\" value=\"\" placeholder=\"\" id=\"forminator-field-email-1_69dbdb7bc1e36\" class=\"forminator-input forminator-email--field\" data-required=\"1\" aria-required=\"true\" autocomplete=\"email\" \/><\/div><\/div><div id=\"phone-1\" class=\"forminator-field-phone forminator-col forminator-col-6 \"><div class=\"forminator-field\"><label for=\"forminator-field-phone-1_69dbdb7bc1e36\" id=\"forminator-field-phone-1_69dbdb7bc1e36-label\" class=\"forminator-label\">Je telefoonnummer <span class=\"forminator-required\">*<\/span><\/label><input type=\"text\" name=\"phone-1\" value=\"\" placeholder=\"\" id=\"forminator-field-phone-1_69dbdb7bc1e36\" class=\"forminator-input forminator-field--phone\" data-required=\"1\" aria-required=\"true\" autocomplete=\"off\" \/><\/div><\/div><\/div><div class=\"forminator-row\"><div id=\"select-1\" class=\"forminator-field-select forminator-col forminator-col-12 \"><div class=\"forminator-field\"><label for=\"forminator-form-23967551__field--select-1_69dbdb7bc1e36\" id=\"forminator-form-23967551__field--select-1_69dbdb7bc1e36-label\" class=\"forminator-label\">Onderwerp<\/label><select  id=\"forminator-form-23967551__field--select-1_69dbdb7bc1e36\" class=\"forminator-select--field forminator-select2 forminator-select2-multiple\" data-required=\"\" name=\"select-1\" data-default-value=\"\" data-hidden-behavior=\"zero\" data-placeholder=\"Kies het gepaste onderwerp\" data-search=\"false\" data-search-placeholder=\"Kies het gepaste onderwerp\" data-checkbox=\"false\" data-allow-clear=\"false\" aria-labelledby=\"forminator-form-23967551__field--select-1_69dbdb7bc1e36-label\"><option value=\"\"  >Kies het gepaste onderwerp<\/option><option value=\"one\"  data-calculation=\"0\">Bel me terug, ik heb graag iemand aan de lijn!<\/option><option value=\"two\"  data-calculation=\"0\">Ik wil een korte online demo<\/option><option value=\"Ik-heb-een-vraag-of-opmerking\"  data-calculation=\"0\">Ik heb een vraag of opmerking<\/option><option value=\"Ik-wil-meewerken-aan-Catermonkey\"  data-calculation=\"0\">Ik wil meewerken aan Catermonkey<\/option><option value=\"Vraag-tot-extra-toevoeging-in-je-Catermonkey-account\"  data-calculation=\"0\">Vraag tot extra toevoeging in je Catermonkey account<\/option><\/select><\/div><\/div><\/div><div class=\"forminator-row\"><div id=\"textarea-1\" class=\"forminator-field-textarea forminator-col forminator-col-12 \"><div class=\"forminator-field\"><label for=\"forminator-field-textarea-1_69dbdb7bc1e36\" id=\"forminator-field-textarea-1_69dbdb7bc1e36-label\" class=\"forminator-label\">Geef alvast wat info van je bedrijf (bijv. website of socials) <span class=\"forminator-required\">*<\/span><\/label><textarea name=\"textarea-1\" placeholder=\"\" id=\"forminator-field-textarea-1_69dbdb7bc1e36\" class=\"forminator-textarea\" rows=\"6\" style=\"min-height:140px;\" ><\/textarea><\/div><\/div><\/div><div class=\"forminator-row\"><div id=\"textarea-2\" class=\"forminator-field-textarea forminator-col forminator-col-12 \"><div class=\"forminator-field\"><label for=\"forminator-field-textarea-2_69dbdb7bc1e36\" id=\"forminator-field-textarea-2_69dbdb7bc1e36-label\" class=\"forminator-label\">Stel je vraag! <span class=\"forminator-required\">*<\/span><\/label><textarea name=\"textarea-2\" placeholder=\"\" id=\"forminator-field-textarea-2_69dbdb7bc1e36\" class=\"forminator-textarea\" rows=\"6\" style=\"min-height:140px;\" ><\/textarea><\/div><\/div><\/div><div class=\"forminator-row\"><div id=\"textarea-3\" class=\"forminator-field-textarea forminator-col forminator-col-12 \"><div class=\"forminator-field\"><label for=\"forminator-field-textarea-3_69dbdb7bc1e36\" id=\"forminator-field-textarea-3_69dbdb7bc1e36-label\" class=\"forminator-label\">Met welk talent kun jij onze applicatie helpen verbeteren? <span class=\"forminator-required\">*<\/span><\/label><textarea name=\"textarea-3\" placeholder=\"\" id=\"forminator-field-textarea-3_69dbdb7bc1e36\" class=\"forminator-textarea\" rows=\"6\" style=\"min-height:140px;\" aria-describedby=\"forminator-field-textarea-3_69dbdb7bc1e36-description\" ><\/textarea><span id=\"forminator-field-textarea-3_69dbdb7bc1e36-description\" class=\"forminator-description\">Vul hier dan gerust al je eerste motivatiebrief in. Wie weet word jij dan wel onze nieuwste monkey!<\/span><\/div><\/div><\/div><div class=\"forminator-row\"><div id=\"textarea-4\" class=\"forminator-field-textarea forminator-col forminator-col-12 \"><div class=\"forminator-field\"><textarea name=\"textarea-4\" placeholder=\"Beschrijf hier zo uitgebreid mogelijk wat je wenst aangepast te zien of wat je extra ontwikkeld wilt hebben in je Catermonkey account. Wij bekijken dan zo snel mogelijk of dit mogelijk is.\" id=\"forminator-field-textarea-4_69dbdb7bc1e36\" class=\"forminator-textarea\" rows=\"6\" style=\"min-height:140px;\" ><\/textarea><\/div><\/div><\/div><div class=\"forminator-row\"><div id=\"consent-1\" class=\"forminator-field-consent forminator-col forminator-col-12 \"><div class=\"forminator-field\"><div class=\"forminator-checkbox__wrapper\"><label id=\"forminator-field-consent-1_69dbdb7bc1e36__label\" class=\"forminator-checkbox forminator-consent\"><input type=\"checkbox\" name=\"consent-1\" id=\"forminator-field-consent-1_69dbdb7bc1e36\" value=\"checked\" aria-labelledby=\"forminator-field-consent-1_69dbdb7bc1e36-label\" aria-describedby=\"forminator-field-consent-1_69dbdb7bc1e36__description\" data-required=\"true\" aria-required=\"true\" \/><span class=\"forminator-checkbox-box\" aria-hidden=\"true\"><\/span><\/label><div id=\"forminator-field-consent-1_69dbdb7bc1e36__description\" class=\"forminator-checkbox__label forminator-consent__label\"><p>Ja, ik ga akkoord met het <a rel=\"noopener\" target=\"_blank\" href=\"\/privacybeleid\">privacybeleid<\/a> en de <a rel=\"noopener\" target=\"_blank\" href=\"https:\/\/catermonkey.com\/de\/gebruikersvoorwaarden\/\">gebruikersvoorwaarden<\/a>.<\/p><\/div><\/div><\/div><\/div><\/div><div class=\"forminator-row\" style=\"margin: 0;\"><div id=\"captcha-1\" class=\"forminator-field-captcha  forminator-col-12 \"><div class=\"forminator-captcha-left forminator-g-recaptcha recaptcha-invisible\" data-theme=\"light\" data-badge=\"bottomright\" data-sitekey=\"6LcFnlEsAAAAAHnV-tmfpD7Tc5so5h0-jCWBNrEa\" data-size=\"invisible\"><\/div> <\/div><\/div><input type=\"hidden\" name=\"referer_url\" value=\"\" \/><div class=\"forminator-row forminator-row-last\"><div class=\"forminator-col\"><div class=\"forminator-field\"><button class=\"forminator-button forminator-button-submit\">Bericht verzenden<\/button><\/div><\/div><\/div><input type=\"hidden\" id=\"forminator_nonce\" name=\"forminator_nonce\" value=\"8ce4f5c351\" \/><input type=\"hidden\" name=\"_wp_http_referer\" value=\"\/de\/wp-json\/wp\/v2\/pages\/59\" \/><input type=\"hidden\" name=\"form_id\" value=\"23967551\"><input type=\"hidden\" name=\"page_id\" value=\"59\"><input type=\"hidden\" name=\"form_type\" value=\"default\"><input type=\"hidden\" name=\"current_url\" value=\"https:\/\/catermonkey.com\/de\/contact\/\"><input type=\"hidden\" name=\"render_id\" value=\"0\"><input type=\"hidden\" name=\"action\" value=\"forminator_submit_form_custom-forms\"><label for=\"input_10\" class=\"forminator-hidden\" aria-hidden=\"true\">Bitte f\u00fclle dieses Feld nicht aus. <input id=\"input_10\" type=\"text\" name=\"input_10\" value=\"\" autocomplete=\"off\"><\/label><\/form>\n<\/div><\/div>\n<\/div>\n<\/div>\n<\/div>\n\n<div class=\"et_pb_section_2 et_pb_section et_section_regular et_block_section custom_slider\">\n<div class=\"et_pb_row_2 et_pb_row et_block_row\">\n<div class=\"et_pb_column_3 et_pb_column et_pb_column_2_3 et_block_column et_pb_css_mix_blend_mode_passthrough\">\n<div class=\"et_pb_heading_3 et_pb_heading et_pb_module et_block_module\"><div class=\"et_pb_heading_container\"><h1 class=\"et_pb_module_header\">Meet the team<\/h1><\/div><\/div>\n<\/div>\n\n<div class=\"et_pb_column_4 et_pb_column et_pb_column_1_3 et-last-child et_block_column et_pb_column_empty et_pb_css_mix_blend_mode_passthrough\"><\/div>\n<\/div>\n\n<div class=\"et_pb_row_3 et_pb_row et_flex_row\">\n<div class=\"et_pb_column_5 et_pb_column et-last-child et_flex_column et_pb_css_mix_blend_mode_passthrough et_flex_column_24_24 et_flex_column_24_24_tablet et_flex_column_24_24_phone\">\n<div class=\"et_pb_group_carousel_0 et_pb_group_carousel et_pb_group et_pb_module et_pb_group_carousel_arrows_inside et_pb_group_carousel_dots_disabled et_pb_group_carousel_slides_3\"><div class=\"et_pb_group_carousel_container\"><div class=\"et_pb_group_carousel_track\"><div class=\"et_pb_group_carousel_slide\"><div class=\"et_pb_group_0 et_pb_group et_pb_module et_flex_group et_pb_css_mix_blend_mode_passthrough\">\n<div class=\"et_pb_image_0 et_pb_image et_pb_module et_flex_module\"><span class=\"et_pb_image_wrap\"><img decoding=\"async\" src=\"https:\/\/catermonkey.com\/de\/wp-content\/uploads\/sites\/14\/2025\/11\/Kem-Eta.jpg\" width=\"1200\" height=\"1200\" srcset=\"https:\/\/catermonkey.com\/de\/wp-content\/uploads\/sites\/14\/2025\/11\/Kem-Eta.jpg 1200w, https:\/\/catermonkey.com\/de\/wp-content\/uploads\/sites\/14\/2025\/11\/Kem-Eta-980x980.jpg 980w, https:\/\/catermonkey.com\/de\/wp-content\/uploads\/sites\/14\/2025\/11\/Kem-Eta-480x480.jpg 480w\" sizes=\"(min-width: 0px) and (max-width: 480px) 480px, (min-width: 481px) and (max-width: 980px) 980px, (min-width: 981px) 1200px, 100vw\" class=\"wp-image-23960045\" \/><\/span><\/div>\n\n<div class=\"et_pb_text_3 et_pb_text et_pb_bg_layout_light et_pb_module et_flex_module\"><div class=\"et_pb_text_inner\"><p><a href=\"mailto:nkenjika@catermonkey.com\">nkenjika@catermonkey.com<\/a><\/p>\n<h3>Customer Success Officer<\/h3>\n<\/div><\/div>\n<\/div><\/div><div class=\"et_pb_group_carousel_slide\"><div class=\"et_pb_group_1 et_pb_group et_pb_module et_flex_group et_pb_css_mix_blend_mode_passthrough\">\n<div class=\"et_pb_image_1 et_pb_image et_pb_module et_flex_module\"><span class=\"et_pb_image_wrap\"><img decoding=\"async\" src=\"https:\/\/catermonkey.com\/de\/wp-content\/uploads\/sites\/14\/2025\/11\/Mariska-2-1.jpg\" width=\"1200\" height=\"1200\" srcset=\"https:\/\/catermonkey.com\/de\/wp-content\/uploads\/sites\/14\/2025\/11\/Mariska-2-1.jpg 1200w, https:\/\/catermonkey.com\/de\/wp-content\/uploads\/sites\/14\/2025\/11\/Mariska-2-1-980x980.jpg 980w, https:\/\/catermonkey.com\/de\/wp-content\/uploads\/sites\/14\/2025\/11\/Mariska-2-1-480x480.jpg 480w\" sizes=\"(min-width: 0px) and (max-width: 480px) 480px, (min-width: 481px) and (max-width: 980px) 980px, (min-width: 981px) 1200px, 100vw\" class=\"wp-image-23960046\" \/><\/span><\/div>\n\n<div class=\"et_pb_text_4 et_pb_text et_pb_bg_layout_light et_pb_module et_flex_module\"><div class=\"et_pb_text_inner\"><p><a href=\"mailto:mariska@catermonkey.com\">mariska@catermonkey.com<\/a><\/p>\n<h3>Customer Success Manager<\/h3>\n<\/div><\/div>\n<\/div><\/div><div class=\"et_pb_group_carousel_slide\"><div class=\"et_pb_group_2 et_pb_group et_pb_module et_flex_group et_pb_css_mix_blend_mode_passthrough\">\n<div class=\"et_pb_image_2 et_pb_image et_pb_module et_flex_module\"><span class=\"et_pb_image_wrap\"><img decoding=\"async\" src=\"https:\/\/catermonkey.com\/de\/wp-content\/uploads\/sites\/14\/2025\/11\/Manon-v2-1.jpg\" width=\"1200\" height=\"1200\" srcset=\"https:\/\/catermonkey.com\/de\/wp-content\/uploads\/sites\/14\/2025\/11\/Manon-v2-1.jpg 1200w, https:\/\/catermonkey.com\/de\/wp-content\/uploads\/sites\/14\/2025\/11\/Manon-v2-1-980x980.jpg 980w, https:\/\/catermonkey.com\/de\/wp-content\/uploads\/sites\/14\/2025\/11\/Manon-v2-1-480x480.jpg 480w\" sizes=\"(min-width: 0px) and (max-width: 480px) 480px, (min-width: 481px) and (max-width: 980px) 980px, (min-width: 981px) 1200px, 100vw\" class=\"wp-image-23960047\" \/><\/span><\/div>\n\n<div class=\"et_pb_text_5 et_pb_text et_pb_bg_layout_light et_pb_module et_flex_module\"><div class=\"et_pb_text_inner\"><p><a href=\"mailto:manon@catermonkey.com\">manon@catermonkey.com<\/a><\/p>\n<h3>Operational Manager<\/h3>\n<\/div><\/div>\n<\/div><\/div><div class=\"et_pb_group_carousel_slide\"><div class=\"et_pb_group_3 et_pb_group et_pb_module et_flex_group et_pb_css_mix_blend_mode_passthrough\">\n<div class=\"et_pb_image_3 et_pb_image et_pb_module et_flex_module\"><span class=\"et_pb_image_wrap\"><img decoding=\"async\" src=\"https:\/\/catermonkey.com\/de\/wp-content\/uploads\/sites\/14\/2025\/11\/Yari.jpg\" width=\"1200\" height=\"1200\" srcset=\"https:\/\/catermonkey.com\/de\/wp-content\/uploads\/sites\/14\/2025\/11\/Yari.jpg 1200w, https:\/\/catermonkey.com\/de\/wp-content\/uploads\/sites\/14\/2025\/11\/Yari-980x980.jpg 980w, https:\/\/catermonkey.com\/de\/wp-content\/uploads\/sites\/14\/2025\/11\/Yari-480x480.jpg 480w\" sizes=\"(min-width: 0px) and (max-width: 480px) 480px, (min-width: 481px) and (max-width: 980px) 980px, (min-width: 981px) 1200px, 100vw\" class=\"wp-image-23960048\" \/><\/span><\/div>\n\n<div class=\"et_pb_text_6 et_pb_text et_pb_bg_layout_light et_pb_module et_flex_module\"><div class=\"et_pb_text_inner\"><p><a href=\"mailto:yari@catermonkey.com\">yari@catermonkey.com<\/a><\/p>\n<h3>Online Marketeer<\/h3>\n<\/div><\/div>\n<\/div><\/div><div class=\"et_pb_group_carousel_slide\"><div class=\"et_pb_group_4 et_pb_group et_pb_module et_flex_group et_pb_css_mix_blend_mode_passthrough\">\n<div class=\"et_pb_image_4 et_pb_image et_pb_module et_flex_module\"><span class=\"et_pb_image_wrap\"><img decoding=\"async\" src=\"https:\/\/catermonkey.com\/de\/wp-content\/uploads\/sites\/14\/2025\/11\/Nicolas.jpg\" width=\"1200\" height=\"1200\" srcset=\"https:\/\/catermonkey.com\/de\/wp-content\/uploads\/sites\/14\/2025\/11\/Nicolas.jpg 1200w, https:\/\/catermonkey.com\/de\/wp-content\/uploads\/sites\/14\/2025\/11\/Nicolas-980x980.jpg 980w, https:\/\/catermonkey.com\/de\/wp-content\/uploads\/sites\/14\/2025\/11\/Nicolas-480x480.jpg 480w\" sizes=\"(min-width: 0px) and (max-width: 480px) 480px, (min-width: 481px) and (max-width: 980px) 980px, (min-width: 981px) 1200px, 100vw\" class=\"wp-image-23960050\" \/><\/span><\/div>\n\n<div class=\"et_pb_text_7 et_pb_text et_pb_bg_layout_light et_pb_module et_flex_module\"><div class=\"et_pb_text_inner\"><p><a href=\"mailto:nicolas@catermonkey.com\">nicolas@catermonkey.com<\/a><\/p>\n<h3>Account Manager<\/h3>\n<\/div><\/div>\n<\/div><\/div><div class=\"et_pb_group_carousel_slide\"><div class=\"et_pb_group_5 et_pb_group et_pb_module et_flex_group et_pb_css_mix_blend_mode_passthrough\">\n<div class=\"et_pb_image_5 et_pb_image et_pb_module et_flex_module\"><span class=\"et_pb_image_wrap\"><img decoding=\"async\" src=\"https:\/\/catermonkey.com\/de\/wp-content\/uploads\/sites\/14\/2025\/11\/Jan-Snoeck.jpg\" width=\"800\" height=\"800\" srcset=\"https:\/\/catermonkey.com\/de\/wp-content\/uploads\/sites\/14\/2025\/11\/Jan-Snoeck.jpg 800w, https:\/\/catermonkey.com\/de\/wp-content\/uploads\/sites\/14\/2025\/11\/Jan-Snoeck-480x480.jpg 480w\" sizes=\"(min-width: 0px) and (max-width: 480px) 480px, (min-width: 481px) 800px, 100vw\" class=\"wp-image-23960049\" \/><\/span><\/div>\n\n<div class=\"et_pb_text_8 et_pb_text et_pb_bg_layout_light et_pb_module et_flex_module\"><div class=\"et_pb_text_inner\"><p><a href=\"mailto:jan@catermonkey.com\">jan@catermonkey.com<\/a><\/p>\n<h3>Account Manager<\/h3>\n<\/div><\/div>\n<\/div><\/div><div class=\"et_pb_group_carousel_slide\"><div class=\"et_pb_group_6 et_pb_group et_pb_module et_flex_group et_pb_css_mix_blend_mode_passthrough\">\n<div class=\"et_pb_image_6 et_pb_image et_pb_module et_flex_module\"><span class=\"et_pb_image_wrap\"><img decoding=\"async\" src=\"https:\/\/catermonkey.com\/de\/wp-content\/uploads\/sites\/14\/2025\/11\/Marten-1.jpg\" width=\"1536\" height=\"1536\" srcset=\"https:\/\/catermonkey.com\/de\/wp-content\/uploads\/sites\/14\/2025\/11\/Marten-1.jpg 1536w, https:\/\/catermonkey.com\/de\/wp-content\/uploads\/sites\/14\/2025\/11\/Marten-1-1280x1280.jpg 1280w, https:\/\/catermonkey.com\/de\/wp-content\/uploads\/sites\/14\/2025\/11\/Marten-1-980x980.jpg 980w, https:\/\/catermonkey.com\/de\/wp-content\/uploads\/sites\/14\/2025\/11\/Marten-1-480x480.jpg 480w\" sizes=\"(min-width: 0px) and (max-width: 480px) 480px, (min-width: 481px) and (max-width: 980px) 980px, (min-width: 981px) and (max-width: 1280px) 1280px, (min-width: 1281px) 1536px, 100vw\" class=\"wp-image-23960051\" \/><\/span><\/div>\n\n<div class=\"et_pb_text_9 et_pb_text et_pb_bg_layout_light et_pb_module et_flex_module\"><div class=\"et_pb_text_inner\"><p><a href=\"mailto:marten@catermonkey.com\">marten@catermonkey.com<\/a><\/p>\n<h3>Chief Technical Officer<\/h3>\n<\/div><\/div>\n<\/div><\/div><div class=\"et_pb_group_carousel_slide\"><div class=\"et_pb_group_7 et_pb_group et_pb_module et_flex_group et_pb_css_mix_blend_mode_passthrough\">\n<div class=\"et_pb_image_7 et_pb_image et_pb_module et_flex_module\"><span class=\"et_pb_image_wrap\"><img decoding=\"async\" src=\"https:\/\/catermonkey.com\/de\/wp-content\/uploads\/sites\/14\/2025\/11\/Dan.jpg\" width=\"1200\" height=\"1200\" srcset=\"https:\/\/catermonkey.com\/de\/wp-content\/uploads\/sites\/14\/2025\/11\/Dan.jpg 1200w, https:\/\/catermonkey.com\/de\/wp-content\/uploads\/sites\/14\/2025\/11\/Dan-980x980.jpg 980w, https:\/\/catermonkey.com\/de\/wp-content\/uploads\/sites\/14\/2025\/11\/Dan-480x480.jpg 480w\" sizes=\"(min-width: 0px) and (max-width: 480px) 480px, (min-width: 481px) and (max-width: 980px) 980px, (min-width: 981px) 1200px, 100vw\" class=\"wp-image-23960052\" \/><\/span><\/div>\n\n<div class=\"et_pb_text_10 et_pb_text et_pb_bg_layout_light et_pb_module et_flex_module\"><div class=\"et_pb_text_inner\"><p><a href=\"mailto:dan@catermonkey.com\">dan@catermonkey.com<\/a><\/p>\n<h3>Software Engineer<\/h3>\n<\/div><\/div>\n<\/div><\/div><div class=\"et_pb_group_carousel_slide\"><div class=\"et_pb_group_8 et_pb_group et-last-child et_pb_module et_flex_group et_pb_css_mix_blend_mode_passthrough\">\n<div class=\"et_pb_image_8 et_pb_image et_pb_module et_flex_module\"><span class=\"et_pb_image_wrap\"><img decoding=\"async\" src=\"https:\/\/catermonkey.com\/de\/wp-content\/uploads\/sites\/14\/2025\/11\/Ruud3-1.jpg\" width=\"1200\" height=\"1200\" srcset=\"https:\/\/catermonkey.com\/de\/wp-content\/uploads\/sites\/14\/2025\/11\/Ruud3-1.jpg 1200w, https:\/\/catermonkey.com\/de\/wp-content\/uploads\/sites\/14\/2025\/11\/Ruud3-1-980x980.jpg 980w, https:\/\/catermonkey.com\/de\/wp-content\/uploads\/sites\/14\/2025\/11\/Ruud3-1-480x480.jpg 480w\" sizes=\"(min-width: 0px) and (max-width: 480px) 480px, (min-width: 481px) and (max-width: 980px) 980px, (min-width: 981px) 1200px, 100vw\" class=\"wp-image-23960053\" \/><\/span><\/div>\n\n<div class=\"et_pb_text_11 et_pb_text et_pb_bg_layout_light et_pb_module et_flex_module\"><div class=\"et_pb_text_inner\"><p><a href=\"mailto:ruud@catermonkey.com\">ruud@catermonkey.com<\/a><\/p>\n<h3>Software Engineer<\/h3>\n<\/div><\/div>\n<\/div><\/div><\/div><\/div><span class=\"et_pb_group_carousel_arrow et_pb_group_carousel_arrow_prev\" role=\"button\" tabindex=\"0\" aria-label=\"Previous slide\"><span class=\"et-pb-icon\">4<\/span><\/span><span class=\"et_pb_group_carousel_arrow et_pb_group_carousel_arrow_next\" role=\"button\" tabindex=\"0\" aria-label=\"Next slide\"><span class=\"et-pb-icon\">5<\/span><\/span><\/div>\n<\/div>\n<\/div>\n<\/div>","protected":false},"excerpt":{"rendered":"","protected":false},"author":1,"featured_media":0,"parent":0,"menu_order":5,"comment_status":"closed","ping_status":"closed","template":"","meta":{"_acf_changed":false,"_improvement_type_select":"improve_an_existing","_thumb_yes_seoaic":false,"_frame_yes_seoaic":false,"seoaic_generate_description":"","seoaic_improve_instructions_prompt":"","seoaic_rollback_content_improvement":"","seoaic_idea_thumbnail_generator":"","thumbnail_generated":false,"thumbnail_generate_prompt":"","seoaic_article_description":"","footnotes":""},"class_list":["post-59","page","type-page","status-publish","hentry"],"acf":[],"_links":{"self":[{"href":"https:\/\/catermonkey.com\/de\/wp-json\/wp\/v2\/pages\/59","targetHints":{"allow":["GET"]}}],"collection":[{"href":"https:\/\/catermonkey.com\/de\/wp-json\/wp\/v2\/pages"}],"about":[{"href":"https:\/\/catermonkey.com\/de\/wp-json\/wp\/v2\/types\/page"}],"author":[{"embeddable":true,"href":"https:\/\/catermonkey.com\/de\/wp-json\/wp\/v2\/users\/1"}],"replies":[{"embeddable":true,"href":"https:\/\/catermonkey.com\/de\/wp-json\/wp\/v2\/comments?post=59"}],"version-history":[{"count":9,"href":"https:\/\/catermonkey.com\/de\/wp-json\/wp\/v2\/pages\/59\/revisions"}],"predecessor-version":[{"id":23977266,"href":"https:\/\/catermonkey.com\/de\/wp-json\/wp\/v2\/pages\/59\/revisions\/23977266"}],"wp:attachment":[{"href":"https:\/\/catermonkey.com\/de\/wp-json\/wp\/v2\/media?parent=59"}],"curies":[{"name":"wp","href":"https:\/\/api.w.org\/{rel}","templated":true}]}}