{"id":23968857,"date":"2025-11-05T08:24:31","date_gmt":"2025-11-05T07:24:31","guid":{"rendered":"https:\/\/cm.studiopampas.be\/cas-clients\/"},"modified":"2026-02-27T15:18:56","modified_gmt":"2026-02-27T14:18:56","slug":"cas-clients","status":"publish","type":"page","link":"https:\/\/catermonkey.com\/fr\/cas-clients\/","title":{"rendered":"Cas clients"},"content":{"rendered":"<div class=\"et_pb_section_0 et_pb_section et_section_regular et_block_section\">\n<div class=\"et_pb_row_0 et_pb_row et_block_row\">\n<div class=\"et_pb_column_0 et_pb_column et_pb_column_4_4 et-last-child et_block_column et_pb_css_mix_blend_mode_passthrough\">\n<div class=\"et_pb_heading_0 et_pb_heading et_pb_module et_block_module\"><div class=\"et_pb_heading_container\"><h1 class=\"et_pb_module_header\">Cas clients<\/h1><\/div><\/div>\n\n<div class=\"et_pb_text_0 et_pb_text et_pb_bg_layout_light et_pb_module et_block_module\"><div class=\"et_pb_text_inner\"><p>D\u00e9couvrez comment nos clients utilisent Catermonkey au quotidien.<br data-start=\"119\" data-end=\"122\" \/>Parcourez nos cas clients pour voir des exemples concrets et des r\u00e9sultats mesurables.<br data-start=\"208\" data-end=\"211\" \/>H\u00f4tels, traiteurs, foodtrucks ou lieux d\u2019\u00e9v\u00e9nements: chaque organisation a ses propres d\u00e9fis.<br data-start=\"304\" data-end=\"307\" \/>Inspirez-vous de leurs retours d\u2019exp\u00e9rience et trouvez l\u2019approche qui vous correspond.<\/p>\n<\/div><\/div>\n<\/div>\n<\/div>\n<\/div>\n\n<div class=\"et_pb_section_1 et_pb_section et_section_regular et_block_section\">\n<div class=\"et_pb_row_1 et_pb_row et_block_row\">\n<div class=\"et_pb_column_1 et_pb_column et_pb_column_4_4 et-last-child et_block_column et_pb_css_mix_blend_mode_passthrough\">\n<div class=\"et_pb_blog_0 et_pb_blog et_pb_bg_layout_light et_pb_posts et_pb_module pa-blog-list preset--module--divi-blog--a711dd84-7ab1-4ea4-a3cb-8d6881e05c37\"><div class=\"et_pb_ajax_pagination_container\"><div class=\"et_pb_posts et_grid_module\"><article class=\"et_pb_post et_pb_post_id_23975020 clearfix et_pb_blog_item_0_0 post-23975020 customer_case type-customer_case status-publish has-post-thumbnail hentry\"><div class=\"et_pb_image_container\"><a href=\"https:\/\/catermonkey.com\/fr\/customer_case\/why-party-garden-catering-has-been-working-with-catermonkey-for-years\/\" class=\"entry-featured-image-url\"><img decoding=\"async\" src=\"https:\/\/catermonkey.com\/fr\/wp-content\/uploads\/sites\/13\/2025\/07\/Engels-Party-Garden-Catering.svg\" width=\"1\" height=\"1\" alt=\"Why Party Garden Catering has been working with Catermonkey for years.\" class=\"\" srcset=\"https:\/\/catermonkey.com\/fr\/wp-content\/uploads\/sites\/13\/2025\/07\/Engels-Party-Garden-Catering.svg 479w, https:\/\/catermonkey.com\/fr\/wp-content\/uploads\/sites\/13\/2025\/07\/Engels-Party-Garden-Catering.svg 480w\" sizes=\"(max-width:479px) 479px, 100vw\" \/><span data-icon=\"\ue050\" class=\"et_overlay et_pb_inline_icon\"><\/span><\/a><\/div><h2 class=\"entry-title\"><a href=\"https:\/\/catermonkey.com\/fr\/customer_case\/why-party-garden-catering-has-been-working-with-catermonkey-for-years\/\">Why Party Garden Catering has been working with Catermonkey for years.<\/a><\/h2><p class=\"post-meta\"><\/p><div class=\"post-content\"><div class=\"post-content-inner\"><p>Party Garden Catering has been a familiar face at parties and events in the central Netherlands for many years. Whether it&rsquo;s a company party, wedding, reception or anniversary: the team of Rob Brink always knows how to create a total experience that suits the&#8230;<\/p>\n<\/div><a href=\"https:\/\/catermonkey.com\/fr\/customer_case\/why-party-garden-catering-has-been-working-with-catermonkey-for-years\/\" class=\"more-link\">lire la suite&#8230;<\/a><\/div><\/article><article class=\"et_pb_post et_pb_post_id_23972168 clearfix et_pb_blog_item_0_1 post-23972168 customer_case type-customer_case status-publish has-post-thumbnail hentry\"><div class=\"et_pb_image_container\"><a href=\"https:\/\/catermonkey.com\/fr\/customer_case\/waarom-party-garden-catering-al-jaren-werkt-met-catermonkey\/\" class=\"entry-featured-image-url\"><img decoding=\"async\" src=\"https:\/\/catermonkey.com\/fr\/wp-content\/uploads\/sites\/13\/2025\/08\/Party-Garden-Catering.svg\" width=\"1\" height=\"1\" alt=\"Waarom Party Garden Catering al jaren werkt met Catermonkey\" class=\"\" srcset=\"https:\/\/catermonkey.com\/fr\/wp-content\/uploads\/sites\/13\/2025\/08\/Party-Garden-Catering.svg 479w, https:\/\/catermonkey.com\/fr\/wp-content\/uploads\/sites\/13\/2025\/08\/Party-Garden-Catering.svg 480w\" sizes=\"(max-width:479px) 479px, 100vw\" \/><span data-icon=\"\ue050\" class=\"et_overlay et_pb_inline_icon\"><\/span><\/a><\/div><h2 class=\"entry-title\"><a href=\"https:\/\/catermonkey.com\/fr\/customer_case\/waarom-party-garden-catering-al-jaren-werkt-met-catermonkey\/\">Waarom Party Garden Catering al jaren werkt met Catermonkey<\/a><\/h2><p class=\"post-meta\"><\/p><div class=\"post-content\"><div class=\"post-content-inner\"><p>Party Garden Catering is al jarenlang een vertrouwd gezicht op feesten en evenementen in Midden-Nederland. Of het nu gaat om een bedrijfsfeest, bruiloft, borrel of jubileum: het team van Rob Brink weet altijd een totaalervaring neer te zetten die past bij de&#8230;<\/p>\n<\/div><a href=\"https:\/\/catermonkey.com\/fr\/customer_case\/waarom-party-garden-catering-al-jaren-werkt-met-catermonkey\/\" class=\"more-link\">lire la suite&#8230;<\/a><\/div><\/article><article class=\"et_pb_post et_pb_post_id_23975021 clearfix et_pb_blog_item_0_2 post-23975021 customer_case type-customer_case status-publish has-post-thumbnail hentry\"><div class=\"et_pb_image_container\"><a href=\"https:\/\/catermonkey.com\/fr\/customer_case\/cooking-with-vision-and-structure-at-qlichef\/\" class=\"entry-featured-image-url\"><img decoding=\"async\" src=\"https:\/\/catermonkey.com\/fr\/wp-content\/uploads\/sites\/13\/2025\/07\/Engels-QliChef.svg\" width=\"1\" height=\"1\" alt=\"Cooking with vision and structure at QliChef\" class=\"\" srcset=\"https:\/\/catermonkey.com\/fr\/wp-content\/uploads\/sites\/13\/2025\/07\/Engels-QliChef.svg 479w, https:\/\/catermonkey.com\/fr\/wp-content\/uploads\/sites\/13\/2025\/07\/Engels-QliChef.svg 480w\" sizes=\"(max-width:479px) 479px, 100vw\" \/><span data-icon=\"\ue050\" class=\"et_overlay et_pb_inline_icon\"><\/span><\/a><\/div><h2 class=\"entry-title\"><a href=\"https:\/\/catermonkey.com\/fr\/customer_case\/cooking-with-vision-and-structure-at-qlichef\/\">Cooking with vision and structure at QliChef<\/a><\/h2><p class=\"post-meta\"><\/p><div class=\"post-content\"><div class=\"post-content-inner\"><p>QliChef stands for culinary creativity, quality and customer experience at the highest level. Under the leadership of Demian van der Kolk, the team offers refined catering solutions for professional and private clients. Whether it&rsquo;s exclusive dinners, luxurious&#8230;<\/p>\n<\/div><a href=\"https:\/\/catermonkey.com\/fr\/customer_case\/cooking-with-vision-and-structure-at-qlichef\/\" class=\"more-link\">lire la suite&#8230;<\/a><\/div><\/article><article class=\"et_pb_post et_pb_post_id_23972164 clearfix et_pb_blog_item_0_3 post-23972164 customer_case type-customer_case status-publish has-post-thumbnail hentry\"><div class=\"et_pb_image_container\"><a href=\"https:\/\/catermonkey.com\/fr\/customer_case\/koken-met-visie-en-structuur-bij-qlichef\/\" class=\"entry-featured-image-url\"><img decoding=\"async\" src=\"https:\/\/catermonkey.com\/fr\/wp-content\/uploads\/sites\/13\/2025\/08\/QliChef.svg\" width=\"1\" height=\"1\" alt=\"Koken met visie en structuur bij QliChef\" class=\"\" srcset=\"https:\/\/catermonkey.com\/fr\/wp-content\/uploads\/sites\/13\/2025\/08\/QliChef.svg 479w, https:\/\/catermonkey.com\/fr\/wp-content\/uploads\/sites\/13\/2025\/08\/QliChef.svg 480w\" sizes=\"(max-width:479px) 479px, 100vw\" \/><span data-icon=\"\ue050\" class=\"et_overlay et_pb_inline_icon\"><\/span><\/a><\/div><h2 class=\"entry-title\"><a href=\"https:\/\/catermonkey.com\/fr\/customer_case\/koken-met-visie-en-structuur-bij-qlichef\/\">Koken met visie en structuur bij QliChef<\/a><\/h2><p class=\"post-meta\"><\/p><div class=\"post-content\"><div class=\"post-content-inner\"><p>QliChef staat voor culinaire creativiteit, kwaliteit en gastbeleving op het hoogste niveau. Onder leiding van Demian van der Kolk verzorgt het team verfijnde cateringoplossingen voor zowel zakelijke als particuliere opdrachtgevers. Of het nu gaat om exclusieve diners,&#8230;<\/p>\n<\/div><a href=\"https:\/\/catermonkey.com\/fr\/customer_case\/koken-met-visie-en-structuur-bij-qlichef\/\" class=\"more-link\">lire la suite&#8230;<\/a><\/div><\/article><article class=\"et_pb_post et_pb_post_id_23975022 clearfix et_pb_blog_item_0_4 post-23975022 customer_case type-customer_case status-publish has-post-thumbnail hentry\"><div class=\"et_pb_image_container\"><a href=\"https:\/\/catermonkey.com\/fr\/customer_case\/better-organisation-for-the-workshops-at-eveline-cooks\/\" class=\"entry-featured-image-url\"><img decoding=\"async\" src=\"https:\/\/catermonkey.com\/fr\/wp-content\/uploads\/sites\/13\/2025\/07\/Engels-Eveline-Cooks.svg\" width=\"1\" height=\"1\" alt=\"Better organisation for the workshops at Eveline Cooks\" class=\"\" srcset=\"https:\/\/catermonkey.com\/fr\/wp-content\/uploads\/sites\/13\/2025\/07\/Engels-Eveline-Cooks.svg 479w, https:\/\/catermonkey.com\/fr\/wp-content\/uploads\/sites\/13\/2025\/07\/Engels-Eveline-Cooks.svg 480w\" sizes=\"(max-width:479px) 479px, 100vw\" \/><span data-icon=\"\ue050\" class=\"et_overlay et_pb_inline_icon\"><\/span><\/a><\/div><h2 class=\"entry-title\"><a href=\"https:\/\/catermonkey.com\/fr\/customer_case\/better-organisation-for-the-workshops-at-eveline-cooks\/\">Better organisation for the workshops at Eveline Cooks<\/a><\/h2><p class=\"post-meta\"><\/p><div class=\"post-content\"><div class=\"post-content-inner\"><p>Eveline Cooks is chef Eveline Delnooz&rsquo;s plant-based catering company. Based in Ede, she provides colourful, tasty and sustainable tailor-made catering, complemented by cooking workshops that surprise and connect. Her style is personal and refined, with a focus on pure&#8230;<\/p>\n<\/div><a href=\"https:\/\/catermonkey.com\/fr\/customer_case\/better-organisation-for-the-workshops-at-eveline-cooks\/\" class=\"more-link\">lire la suite&#8230;<\/a><\/div><\/article><article class=\"et_pb_post et_pb_post_id_23972158 clearfix et_pb_blog_item_0_5 post-23972158 customer_case type-customer_case status-publish has-post-thumbnail hentry\"><div class=\"et_pb_image_container\"><a href=\"https:\/\/catermonkey.com\/fr\/customer_case\/een-betere-organisatie-voor-de-workshops-bij-eveline-cooks\/\" class=\"entry-featured-image-url\"><img decoding=\"async\" src=\"https:\/\/catermonkey.com\/fr\/wp-content\/uploads\/sites\/13\/2025\/08\/Eveline-Cooks.svg\" width=\"1\" height=\"1\" alt=\"Een betere organisatie voor de workshops bij Eveline Cooks\" class=\"\" srcset=\"https:\/\/catermonkey.com\/fr\/wp-content\/uploads\/sites\/13\/2025\/08\/Eveline-Cooks.svg 479w, https:\/\/catermonkey.com\/fr\/wp-content\/uploads\/sites\/13\/2025\/08\/Eveline-Cooks.svg 480w\" sizes=\"(max-width:479px) 479px, 100vw\" \/><span data-icon=\"\ue050\" class=\"et_overlay et_pb_inline_icon\"><\/span><\/a><\/div><h2 class=\"entry-title\"><a href=\"https:\/\/catermonkey.com\/fr\/customer_case\/een-betere-organisatie-voor-de-workshops-bij-eveline-cooks\/\">Een betere organisatie voor de workshops bij Eveline Cooks<\/a><\/h2><p class=\"post-meta\"><\/p><div class=\"post-content\"><div class=\"post-content-inner\"><p>Eveline Cooks is het plantaardige cateringbedrijf van chef Eveline Delnooz. Vanuit Ede verzorgt ze kleurrijke, smaakvolle en duurzame catering op maat, aangevuld met kookworkshops die verrassen en verbinden. Haar stijl is persoonlijk en verfijnd, met een focus op pure&#8230;<\/p>\n<\/div><a href=\"https:\/\/catermonkey.com\/fr\/customer_case\/een-betere-organisatie-voor-de-workshops-bij-eveline-cooks\/\" class=\"more-link\">lire la suite&#8230;<\/a><\/div><\/article><\/div><div class='wp-pagenavi' role='navigation'>\n<span class='pages'>Pagina 1 van 4<\/span><span aria-current='page' class='current'>1<\/span><a class=\"page larger\" title=\"Page 2\" href=\"https:\/\/catermonkey.com\/fr\/wp-json\/wp\/v2\/pages\/23968857\/page\/2\/?et_blog\">2<\/a><a class=\"page larger\" title=\"Page 3\" href=\"https:\/\/catermonkey.com\/fr\/wp-json\/wp\/v2\/pages\/23968857\/page\/3\/?et_blog\">3<\/a><span class='extend'>&#8230;<\/span><a class=\"nextpostslink\" rel=\"next\" aria-label=\"Page suivante\" href=\"https:\/\/catermonkey.com\/fr\/wp-json\/wp\/v2\/pages\/23968857\/page\/2\/?et_blog\">\u00bb<\/a><a class=\"last\" aria-label=\"Last Page\" href=\"https:\/\/catermonkey.com\/fr\/wp-json\/wp\/v2\/pages\/23968857\/page\/4\/?et_blog\">Laatste \u00bb<\/a>\n<\/div><\/div><\/div>\n<\/div>\n<\/div>\n<\/div>","protected":false},"excerpt":{"rendered":"","protected":false},"author":1,"featured_media":0,"parent":0,"menu_order":5,"comment_status":"closed","ping_status":"closed","template":"","meta":{"_acf_changed":false,"_improvement_type_select":"improve_an_existing","_thumb_yes_seoaic":false,"_frame_yes_seoaic":false,"seoaic_generate_description":"","seoaic_improve_instructions_prompt":"","seoaic_rollback_content_improvement":"","seoaic_idea_thumbnail_generator":"","thumbnail_generated":false,"thumbnail_generate_prompt":"","seoaic_article_description":"","footnotes":""},"class_list":["post-23968857","page","type-page","status-publish","hentry"],"acf":[],"_links":{"self":[{"href":"https:\/\/catermonkey.com\/fr\/wp-json\/wp\/v2\/pages\/23968857","targetHints":{"allow":["GET"]}}],"collection":[{"href":"https:\/\/catermonkey.com\/fr\/wp-json\/wp\/v2\/pages"}],"about":[{"href":"https:\/\/catermonkey.com\/fr\/wp-json\/wp\/v2\/types\/page"}],"author":[{"embeddable":true,"href":"https:\/\/catermonkey.com\/fr\/wp-json\/wp\/v2\/users\/1"}],"replies":[{"embeddable":true,"href":"https:\/\/catermonkey.com\/fr\/wp-json\/wp\/v2\/comments?post=23968857"}],"version-history":[{"count":2,"href":"https:\/\/catermonkey.com\/fr\/wp-json\/wp\/v2\/pages\/23968857\/revisions"}],"predecessor-version":[{"id":23976114,"href":"https:\/\/catermonkey.com\/fr\/wp-json\/wp\/v2\/pages\/23968857\/revisions\/23976114"}],"wp:attachment":[{"href":"https:\/\/catermonkey.com\/fr\/wp-json\/wp\/v2\/media?parent=23968857"}],"curies":[{"name":"wp","href":"https:\/\/api.w.org\/{rel}","templated":true}]}}