{"id":23968861,"date":"2025-11-05T08:23:25","date_gmt":"2025-11-05T07:23:25","guid":{"rendered":"https:\/\/cm.studiopampas.be\/catermonkey\/a-propos-de-nous\/"},"modified":"2026-02-24T10:56:43","modified_gmt":"2026-02-24T09:56:43","slug":"a-propos-de-nous","status":"publish","type":"page","link":"https:\/\/catermonkey.com\/fr\/a-propos-de-nous\/","title":{"rendered":"\u00c0 propos de nous"},"content":{"rendered":"<div class=\"et_pb_section_0 et_pb_section et_section_regular et_block_section\">\n<div class=\"et_pb_row_0 et_pb_row et_block_row\">\n<div class=\"et_pb_column_0 et_pb_column et_pb_column_4_4 et-last-child et_block_column et_pb_css_mix_blend_mode_passthrough\">\n<div class=\"et_pb_heading_0 et_pb_heading et_pb_module et_block_module\"><div class=\"et_pb_heading_container\"><h1 class=\"et_pb_module_header\">\u00c0 propos de nous<\/h1><\/div><\/div>\n\n<div class=\"et_pb_text_0 et_pb_text et_pb_bg_layout_light et_pb_module et_block_module\"><div class=\"et_pb_text_inner\"><p>Catermonkey est plus qu'un simple logiciel. En coulisses, une \u00e9quipe soud\u00e9e et motiv\u00e9e travaille avec enthousiasme \u00e0 un projet d'envergure : offrir plus de tranquillit\u00e9 et de visibilit\u00e9 aux entrepreneurs du secteur de la restauration. Nous avons des parcours vari\u00e9s dans les domaines des logiciels, de l'assistance, du graphisme, du marketing et de l'h\u00f4tellerie. Tous partagent une passion pour le secteur de la restauration et de l'\u00e9v\u00e9nementiel. <\/p>\n<p><span> <\/span><span>Chaque jour, nous transformons les d\u00e9fis des traiteurs, des restaurateurs et des salles de r\u00e9ception en solutions pratiques. Non pas sur la base de la th\u00e9orie, mais \u00e0 partir des conversations que nous avons depuis des ann\u00e9es avec les personnes qui font ce travail. Ces contributions rendent notre logiciel personnel et reconnaissable.   <\/span><\/p>\n<p><span>Ce qui nous motive, c'est la combinaison du savoir-faire et du plaisir. Nous aimons la clart\u00e9, les lignes de communication courtes et travailler avec nos clients comme s'ils \u00e9taient des coll\u00e8gues. Cette page vous permettra de mieux nous conna\u00eetre. Voici les visages derri\u00e8re le logiciel.    <\/span><\/p>\n<\/div><\/div>\n<\/div>\n<\/div>\n<\/div>\n\n<div class=\"et_pb_section_1 et_pb_section et_section_regular et_block_section\">\n<div class=\"et_pb_row_1 et_pb_row et_block_row\">\n<div class=\"et_pb_column_1 et_pb_column et_pb_column_4_4 et-last-child et_block_column et_pb_css_mix_blend_mode_passthrough\">\n<div class=\"et_pb_text_1 et_pb_text et_pb_bg_layout_light et_pb_module et_block_module\"><div class=\"et_pb_text_inner\"><h1>Rencontrez l'\u00e9quipe<\/h1>\n<\/div><\/div>\n<\/div>\n<\/div>\n\n<div class=\"et_pb_row_2 et_pb_row et_pb_row_4col et_block_row et_block_row_4col\">\n<div class=\"et_pb_column_2 et_pb_column et_pb_column_1_4 et_block_column et_pb_css_mix_blend_mode_passthrough\">\n<div class=\"et_pb_team_member_0 et_pb_team_member et_pb_bg_layout_light et_pb_module et_flex_module\"><div class=\"et_pb_team_member_image et-waypoint et_pb_animation_off\"><img decoding=\"async\" src=\"https:\/\/catermonkey.com\/wp-content\/uploads\/sites\/13\/2025\/11\/Luna.png\" alt=\"Luna\" \/><\/div><div class=\"et_pb_team_member_description\"><h4 class=\"et_pb_module_header\">Luna<\/h4><p class=\"et_pb_member_position\">Customer Succes Manager\u00a0<\/p><\/div><\/div>\n<\/div>\n\n<div class=\"et_pb_column_3 et_pb_column et_pb_column_1_4 et_block_column et_pb_css_mix_blend_mode_passthrough\">\n<div class=\"et_pb_team_member_1 et_pb_team_member et_pb_bg_layout_light et_pb_module et_flex_module\"><div class=\"et_pb_team_member_image et-waypoint et_pb_animation_off\"><img decoding=\"async\" src=\"https:\/\/catermonkey.com\/wp-content\/uploads\/sites\/13\/2025\/11\/Mariska.png\" alt=\"Mariska\" \/><\/div><div class=\"et_pb_team_member_description\"><h4 class=\"et_pb_module_header\">Mariska<\/h4><p class=\"et_pb_member_position\">Manager de la r\u00e9ussite client<\/p><\/div><\/div>\n<\/div>\n\n<div class=\"et_pb_column_4 et_pb_column et_pb_column_1_4 et_block_column et_pb_css_mix_blend_mode_passthrough\">\n<div class=\"et_pb_team_member_2 et_pb_team_member et_pb_bg_layout_light et_pb_module et_flex_module\"><div class=\"et_pb_team_member_image et-waypoint et_pb_animation_off\"><img decoding=\"async\" src=\"https:\/\/catermonkey.com\/wp-content\/uploads\/sites\/13\/2025\/11\/Kem.jpg\" alt=\"Kem\" \/><\/div><div class=\"et_pb_team_member_description\"><h4 class=\"et_pb_module_header\">Kem<\/h4><p class=\"et_pb_member_position\">Manager de la r\u00e9ussite client<\/p><\/div><\/div>\n<\/div>\n\n<div class=\"et_pb_column_5 et_pb_column et_pb_column_1_4 et-last-child et_block_column et_pb_css_mix_blend_mode_passthrough\">\n<div class=\"et_pb_team_member_3 et_pb_team_member et_pb_bg_layout_light et_pb_module et_flex_module\"><div class=\"et_pb_team_member_image et-waypoint et_pb_animation_off\"><img decoding=\"async\" src=\"https:\/\/catermonkey.com\/wp-content\/uploads\/sites\/13\/2025\/11\/Manon.jpg\" alt=\"Manon\" \/><\/div><div class=\"et_pb_team_member_description\"><h4 class=\"et_pb_module_header\">Manon<\/h4><p class=\"et_pb_member_position\">Manager op\u00e9rationnel<\/p><\/div><\/div>\n<\/div>\n<\/div>\n\n<div class=\"et_pb_row_3 et_pb_row et_pb_row_4col et_block_row et_block_row_4col\">\n<div class=\"et_pb_column_6 et_pb_column et_pb_column_1_4 et_block_column et_pb_css_mix_blend_mode_passthrough\">\n<div class=\"et_pb_team_member_4 et_pb_team_member et_pb_bg_layout_light et_pb_module et_flex_module\"><div class=\"et_pb_team_member_image et-waypoint et_pb_animation_off\"><img decoding=\"async\" src=\"https:\/\/catermonkey.com\/wp-content\/uploads\/sites\/13\/2025\/11\/Nicolas-1.jpg\" alt=\"Nicolas\" \/><\/div><div class=\"et_pb_team_member_description\"><h4 class=\"et_pb_module_header\">Nicolas<\/h4><p class=\"et_pb_member_position\">Account Manager\u00a0<\/p><\/div><\/div>\n<\/div>\n\n<div class=\"et_pb_column_7 et_pb_column et_pb_column_1_4 et_block_column et_pb_css_mix_blend_mode_passthrough\">\n<div class=\"et_pb_team_member_5 et_pb_team_member et_pb_bg_layout_light et_pb_module et_flex_module\"><div class=\"et_pb_team_member_image et-waypoint et_pb_animation_off\"><img decoding=\"async\" src=\"https:\/\/catermonkey.com\/wp-content\/uploads\/sites\/13\/2025\/11\/Jan.jpg\" alt=\"Jan\" \/><\/div><div class=\"et_pb_team_member_description\"><h4 class=\"et_pb_module_header\">Jan<\/h4><p class=\"et_pb_member_position\">Account Manager<\/p><\/div><\/div>\n<\/div>\n\n<div class=\"et_pb_column_8 et_pb_column et_pb_column_1_4 et_block_column et_pb_css_mix_blend_mode_passthrough\">\n<div class=\"et_pb_team_member_6 et_pb_team_member et_pb_bg_layout_light et_pb_module et_flex_module\"><div class=\"et_pb_team_member_image et-waypoint et_pb_animation_off\"><img decoding=\"async\" src=\"https:\/\/catermonkey.com\/wp-content\/uploads\/sites\/13\/2025\/11\/Teun.png\" alt=\"Teun\" \/><\/div><div class=\"et_pb_team_member_description\"><h4 class=\"et_pb_module_header\">Teun<\/h4><p class=\"et_pb_member_position\">Account Manager<\/p><\/div><\/div>\n<\/div>\n\n<div class=\"et_pb_column_9 et_pb_column et_pb_column_1_4 et-last-child et_block_column et_pb_css_mix_blend_mode_passthrough\">\n<div class=\"et_pb_team_member_7 et_pb_team_member et_pb_bg_layout_light et_pb_module et_flex_module\"><div class=\"et_pb_team_member_image et-waypoint et_pb_animation_off\"><img decoding=\"async\" src=\"https:\/\/catermonkey.com\/wp-content\/uploads\/sites\/13\/2025\/11\/Olivier.png\" alt=\"Olivier \" \/><\/div><div class=\"et_pb_team_member_description\"><h4 class=\"et_pb_module_header\">Olivier <\/h4><p class=\"et_pb_member_position\">Account Manager\u00a0<\/p><\/div><\/div>\n<\/div>\n<\/div>\n\n<div class=\"et_pb_row_4 et_pb_row et_pb_row_4col et_block_row et_block_row_4col\">\n<div class=\"et_pb_column_10 et_pb_column et_pb_column_1_4 et_block_column et_pb_css_mix_blend_mode_passthrough\">\n<div class=\"et_pb_team_member_8 et_pb_team_member et_pb_bg_layout_light et_pb_module et_flex_module\"><div class=\"et_pb_team_member_image et-waypoint et_pb_animation_off\"><img decoding=\"async\" src=\"https:\/\/catermonkey.com\/wp-content\/uploads\/sites\/13\/2025\/11\/Marten.jpg\" alt=\"Marten\" \/><\/div><div class=\"et_pb_team_member_description\"><h4 class=\"et_pb_module_header\">Marten<\/h4><p class=\"et_pb_member_position\">Fondateur et directeur technique<\/p><\/div><\/div>\n<\/div>\n\n<div class=\"et_pb_column_11 et_pb_column et_pb_column_1_4 et_block_column et_pb_css_mix_blend_mode_passthrough\">\n<div class=\"et_pb_team_member_9 et_pb_team_member et_pb_bg_layout_light et_pb_module et_flex_module\"><div class=\"et_pb_team_member_image et-waypoint et_pb_animation_off\"><img decoding=\"async\" src=\"https:\/\/catermonkey.com\/wp-content\/uploads\/sites\/13\/2025\/11\/Ruud-2.jpg\" alt=\"Ruud\" \/><\/div><div class=\"et_pb_team_member_description\"><h4 class=\"et_pb_module_header\">Ruud<\/h4><p class=\"et_pb_member_position\">Ing\u00e9nieur logiciel<\/p><\/div><\/div>\n<\/div>\n\n<div class=\"et_pb_column_12 et_pb_column et_pb_column_1_4 et_block_column et_pb_css_mix_blend_mode_passthrough\">\n<div class=\"et_pb_team_member_10 et_pb_team_member et_pb_bg_layout_light et_pb_module et_flex_module\"><div class=\"et_pb_team_member_image et-waypoint et_pb_animation_off\"><img decoding=\"async\" src=\"https:\/\/catermonkey.com\/wp-content\/uploads\/sites\/13\/2025\/11\/Dan.png\" alt=\"Dan\" \/><\/div><div class=\"et_pb_team_member_description\"><h4 class=\"et_pb_module_header\">Dan<\/h4><p class=\"et_pb_member_position\">Ing\u00e9nieur logiciel<\/p><\/div><\/div>\n<\/div>\n\n<div class=\"et_pb_column_13 et_pb_column et_pb_column_1_4 et-last-child et_block_column et_pb_css_mix_blend_mode_passthrough\">\n<div class=\"et_pb_team_member_11 et_pb_team_member et_pb_bg_layout_light et_pb_module et_flex_module\"><div class=\"et_pb_team_member_image et-waypoint et_pb_animation_off\"><img decoding=\"async\" src=\"https:\/\/catermonkey.com\/wp-content\/uploads\/sites\/13\/2025\/11\/Yari.png\" alt=\"Yari\" \/><\/div><div class=\"et_pb_team_member_description\"><h4 class=\"et_pb_module_header\">Yari<\/h4><p class=\"et_pb_member_position\">Sp\u00e9cialiste en marketing<\/p><\/div><\/div>\n<\/div>\n<\/div>\n\n<div class=\"et_pb_row_5 et_pb_row et_pb_row_4col et_block_row et_block_row_4col\">\n<div class=\"et_pb_column_14 et_pb_column et_pb_column_1_4 et_block_column et_pb_css_mix_blend_mode_passthrough\">\n<div class=\"et_pb_team_member_12 et_pb_team_member et_pb_bg_layout_light et_pb_module et_flex_module\"><div class=\"et_pb_team_member_image et-waypoint et_pb_animation_off\"><img decoding=\"async\" src=\"https:\/\/catermonkey.com\/wp-content\/uploads\/sites\/13\/2025\/11\/Maty.png\" alt=\"Maty \u2020 2025\" \/><\/div><div class=\"et_pb_team_member_description\"><h4 class=\"et_pb_module_header\">Maty \u2020 2025<\/h4><p class=\"et_pb_member_position\">Fondateur<\/p><\/div><\/div>\n<\/div>\n\n<div class=\"et_pb_column_15 et_pb_column et_pb_column_1_4 et_block_column et_pb_column_empty et_pb_css_mix_blend_mode_passthrough\"><\/div>\n\n<div class=\"et_pb_column_16 et_pb_column et_pb_column_1_4 et_block_column et_pb_column_empty et_pb_css_mix_blend_mode_passthrough\"><\/div>\n\n<div class=\"et_pb_column_17 et_pb_column et_pb_column_1_4 et-last-child et_block_column et_pb_column_empty et_pb_css_mix_blend_mode_passthrough\"><\/div>\n<\/div>\n<\/div>","protected":false},"excerpt":{"rendered":"","protected":false},"author":1,"featured_media":0,"parent":0,"menu_order":1,"comment_status":"closed","ping_status":"closed","template":"","meta":{"_acf_changed":false,"_improvement_type_select":"improve_an_existing","_thumb_yes_seoaic":false,"_frame_yes_seoaic":false,"seoaic_generate_description":"","seoaic_improve_instructions_prompt":"","seoaic_rollback_content_improvement":"","seoaic_idea_thumbnail_generator":"","thumbnail_generated":false,"thumbnail_generate_prompt":"","seoaic_article_description":"","footnotes":""},"class_list":["post-23968861","page","type-page","status-publish","hentry"],"acf":[],"_links":{"self":[{"href":"https:\/\/catermonkey.com\/fr\/wp-json\/wp\/v2\/pages\/23968861","targetHints":{"allow":["GET"]}}],"collection":[{"href":"https:\/\/catermonkey.com\/fr\/wp-json\/wp\/v2\/pages"}],"about":[{"href":"https:\/\/catermonkey.com\/fr\/wp-json\/wp\/v2\/types\/page"}],"author":[{"embeddable":true,"href":"https:\/\/catermonkey.com\/fr\/wp-json\/wp\/v2\/users\/1"}],"replies":[{"embeddable":true,"href":"https:\/\/catermonkey.com\/fr\/wp-json\/wp\/v2\/comments?post=23968861"}],"version-history":[{"count":1,"href":"https:\/\/catermonkey.com\/fr\/wp-json\/wp\/v2\/pages\/23968861\/revisions"}],"predecessor-version":[{"id":23975832,"href":"https:\/\/catermonkey.com\/fr\/wp-json\/wp\/v2\/pages\/23968861\/revisions\/23975832"}],"wp:attachment":[{"href":"https:\/\/catermonkey.com\/fr\/wp-json\/wp\/v2\/media?parent=23968861"}],"curies":[{"name":"wp","href":"https:\/\/api.w.org\/{rel}","templated":true}]}}