{"id":23968867,"date":"2025-11-12T12:19:08","date_gmt":"2025-11-12T11:19:08","guid":{"rendered":"https:\/\/cm.studiopampas.be\/catermonkey\/references\/"},"modified":"2025-11-28T15:44:00","modified_gmt":"2025-11-28T14:44:00","slug":"references","status":"publish","type":"page","link":"https:\/\/catermonkey.com\/fr\/references\/","title":{"rendered":"R\u00e9f\u00e9rences"},"content":{"rendered":"<div class=\"et_pb_section_0 et_pb_section et_section_regular et_flex_section\">\n<div class=\"et_pb_row_0 et_pb_row et_flex_row\">\n<div class=\"et_pb_column_0 et_pb_column et-last-child et_flex_column et_pb_css_mix_blend_mode_passthrough et_flex_column_24_24 et_flex_column_24_24_tablet et_flex_column_24_24_phone\">\n<div class=\"et_pb_heading_0 et_pb_heading et_pb_module et_flex_module main_head\"><div class=\"et_pb_heading_container\"><h1 class=\"et_pb_module_header\">R\u00e9f\u00e9rences<\/h1><\/div><\/div>\n\n<div class=\"et_pb_text_0 et_pb_text et_pb_bg_layout_light et_pb_module et_flex_module paragraph_center\"><div class=\"et_pb_text_inner\"><p>D\u00e9couvrez comment Catermonkey aide les entreprises de restauration et d'\u00e9v\u00e9nementiel \u00e0 travailler plus efficacement, \u00e0 envoyer des devis plus rapidement et \u00e0 surprendre leurs clients avec un service sans effort. Sur cette page, vous trouverez des r\u00e9f\u00e9rences et des t\u00e9moignages d'utilisateurs de Catermonkey. <\/p>\n<\/div><\/div>\n<\/div>\n<\/div>\n<\/div>\n\n<div class=\"et_pb_section_1 et_pb_section et_section_regular et_flex_section\">\n<div class=\"et_pb_row_1 et_pb_row et_flex_row\">\n<div class=\"et_pb_column_1 et_pb_column et-last-child et_flex_column et_pb_css_mix_blend_mode_passthrough et_flex_column_24_24 et_flex_column_24_24_tablet et_flex_column_24_24_phone\">\n<div class=\"et_pb_text_1 et_pb_text et_pb_bg_layout_light et_pb_module et_flex_module\"><div class=\"et_pb_text_inner\">\n<div class=\"et_flex_grid_row \">\n  <div class=\"et_pb_grid_column\">\n   <div class=\"video-swiper-slide\">\n  <div class=\"flip-wrapper\">\n  <div class=\"card-inner flip_card_image\" style=\"background-image: url(https:\/\/catermonkey.com\/fr\/wp-content\/uploads\/sites\/13\/2025\/11\/Wim-Balls-Glory.jpg.webp) !important;\">\n          <div class=\"card-title\" data=\"https:\/\/player.vimeo.com\/video\/866279908?autoplay=1&dnt=1&app_id=122963\"> <svg xmlns=\"http:\/\/www.w3.org\/2000\/svg\" viewBox=\"0 0 192 512\"><!--!Font Awesome Free v5.15.4 by @fontawesome - https:\/\/fontawesome.com License - https:\/\/fontawesome.com\/license\/free Copyright 2025 Fonticons, Inc.--><path d=\"M0 384.662V127.338c0-17.818 21.543-26.741 34.142-14.142l128.662 128.662c7.81 7.81 7.81 20.474 0 28.284L34.142 398.804C21.543 411.404 0 402.48 0 384.662z\"\/><\/svg> Voir cette histoire<\/div>\n          \n   <\/div>\n  <\/div>\n <\/div> \n \n   <\/div>\n\n  <div class=\"et_pb_grid_column\">\n    <div class=\"flip-wrapper\">\n    <div class=\"flip-card\">\n      <div class=\"flip-face flip-front\">\n        <div class=\"card-inner\">\n          <div class=\"quote-icon\">\n\t\t <img decoding=\"async\" src=\"https:\/\/catermonkey.com\/fr\/wp-content\/uploads\/sites\/13\/2025\/11\/quote-icon.svg\" alt=\"\">\n\t\t  <\/div>\n          <div class=\"card-title\">Chez RK Catering, ils aiment vraiment rendre leurs clients heureux, et nous sommes ravis de pouvoir les aider dans cette d\u00e9marche !<\/div>\n          <div class=\"card-sub\">RK Catering<\/div>\n          <div class=\"card-logo\"><img decoding=\"async\" src=\"https:\/\/catermonkey.com\/fr\/wp-content\/uploads\/sites\/13\/2025\/11\/rk-caterig-logo.png.webp\"\/><\/div>\n        <\/div>\n      <\/div>\n      <div class=\"flip-face flip-back\">\n        <div class=\"card-inner flip_card_image\" style=\"background-image: url(https:\/\/catermonkey.com\/fr\/wp-content\/uploads\/sites\/13\/2025\/11\/rk-catering.jpg.webp) !important;\">\n          <div class=\"card-title\">RK Catering<\/div>\n          \n        <\/div>\n      <\/div>\n    <\/div>\n  <\/div>\n   <\/div>\n\n  <div class=\"et_pb_grid_column\">\n    <div class=\"flip-wrapper\">\n    <div class=\"flip-card\">\n      <div class=\"flip-face flip-front\">\n        <div class=\"card-inner\">\n          <div class=\"quote-icon\">\n\t\t <img decoding=\"async\" src=\"https:\/\/catermonkey.com\/fr\/wp-content\/uploads\/sites\/13\/2025\/11\/quote-icon.svg\" alt=\"\">\n\t\t  <\/div>\n          <div class=\"card-title\">Catermonkey prend en charge tous les aspects de la restauration, des food-trucks aux menus hebdomadaires.<\/div>\n          <div class=\"card-sub\">Catering Content<\/div>\n          <div class=\"card-logo\"><img decoding=\"async\" src=\"https:\/\/catermonkey.com\/fr\/wp-content\/uploads\/sites\/13\/2025\/11\/Catering-Content-Logo-300x300.png.webp\"\/><\/div>\n        <\/div>\n      <\/div>\n      <div class=\"flip-face flip-back\">\n        <div class=\"card-inner flip_card_image\" style=\"background-image: url(https:\/\/catermonkey.com\/fr\/wp-content\/uploads\/sites\/13\/2025\/11\/Catering-Content.jpg.webp) !important;\">\n          <div class=\"card-title\">Catering Content<\/div>\n          \n        <\/div>\n      <\/div>\n    <\/div>\n  <\/div>\n   <\/div>\n\n<\/div><div class=\"et_flex_grid_row\">  <div class=\"et_pb_grid_column\">\n    <div class=\"flip-wrapper\">\n    <div class=\"flip-card\">\n      <div class=\"flip-face flip-front\">\n        <div class=\"card-inner\">\n          <div class=\"quote-icon\">\n\t\t <img decoding=\"async\" src=\"https:\/\/catermonkey.com\/fr\/wp-content\/uploads\/sites\/13\/2025\/11\/quote-icon.svg\" alt=\"\">\n\t\t  <\/div>\n          <div class=\"card-title\">Chez DIS Daily Catering, le flux de travail administratif, de la commande \u00e0 la facturation, ainsi que les listes de t\u00e2ches sont enti\u00e8rement num\u00e9ris\u00e9s.<\/div>\n          <div class=\"card-sub\">DIS Daily Catering<\/div>\n          <div class=\"card-logo\"><img decoding=\"async\" src=\"https:\/\/catermonkey.com\/fr\/wp-content\/uploads\/sites\/13\/2025\/11\/DIS-logo.png.webp\"\/><\/div>\n        <\/div>\n      <\/div>\n      <div class=\"flip-face flip-back\">\n        <div class=\"card-inner flip_card_image\" style=\"background-image: url(https:\/\/catermonkey.com\/fr\/wp-content\/uploads\/sites\/13\/2025\/11\/DIS.jpg.webp) !important;\">\n          <div class=\"card-title\">DIS Daily Catering<\/div>\n          \n        <\/div>\n      <\/div>\n    <\/div>\n  <\/div>\n   <\/div>\n\n  <div class=\"et_pb_grid_column\">\n   <div class=\"video-swiper-slide\">\n  <div class=\"flip-wrapper\">\n  <div class=\"card-inner flip_card_image\" style=\"background-image: url(https:\/\/catermonkey.com\/fr\/wp-content\/uploads\/sites\/13\/2025\/11\/bruun-larsen.jpg.webp) !important;\">\n          <div class=\"card-title\" data=\"https:\/\/www.youtube.com\/embed\/1S13uVW_usI?autoplay=1\"> <svg xmlns=\"http:\/\/www.w3.org\/2000\/svg\" viewBox=\"0 0 192 512\"><!--!Font Awesome Free v5.15.4 by @fontawesome - https:\/\/fontawesome.com License - https:\/\/fontawesome.com\/license\/free Copyright 2025 Fonticons, Inc.--><path d=\"M0 384.662V127.338c0-17.818 21.543-26.741 34.142-14.142l128.662 128.662c7.81 7.81 7.81 20.474 0 28.284L34.142 398.804C21.543 411.404 0 402.48 0 384.662z\"\/><\/svg> Voir cette histoire<\/div>\n          \n   <\/div>\n  <\/div>\n <\/div> \n \n   <\/div>\n\n  <div class=\"et_pb_grid_column\">\n    <div class=\"flip-wrapper\">\n    <div class=\"flip-card\">\n      <div class=\"flip-face flip-front\">\n        <div class=\"card-inner\">\n          <div class=\"quote-icon\">\n\t\t <img decoding=\"async\" src=\"https:\/\/catermonkey.com\/fr\/wp-content\/uploads\/sites\/13\/2025\/11\/quote-icon.svg\" alt=\"\">\n\t\t  <\/div>\n          <div class=\"card-title\">Les plus beaux food trucks m\u00e9ritent les meilleures offres.<\/div>\n          <div class=\"card-sub\">Bus van Zus<\/div>\n          <div class=\"card-logo\"><img decoding=\"async\" src=\"https:\/\/catermonkey.com\/fr\/wp-content\/uploads\/sites\/13\/2025\/11\/bus-van-zus-logo.png.webp\"\/><\/div>\n        <\/div>\n      <\/div>\n      <div class=\"flip-face flip-back\">\n        <div class=\"card-inner flip_card_image\" style=\"background-image: url(https:\/\/catermonkey.com\/fr\/wp-content\/uploads\/sites\/13\/2025\/11\/bus-van-zus.jpg.webp) !important;\">\n          <div class=\"card-title\">Bus van Zus<\/div>\n          \n        <\/div>\n      <\/div>\n    <\/div>\n  <\/div>\n   <\/div>\n\n<\/div><div class=\"et_flex_grid_row\">  <div class=\"et_pb_grid_column\">\n    <div class=\"flip-wrapper\">\n    <div class=\"flip-card\">\n      <div class=\"flip-face flip-front\">\n        <div class=\"card-inner\">\n          <div class=\"quote-icon\">\n\t\t <img decoding=\"async\" src=\"https:\/\/catermonkey.com\/fr\/wp-content\/uploads\/sites\/13\/2025\/11\/quote-icon.svg\" alt=\"\">\n\t\t  <\/div>\n          <div class=\"card-title\">Avec Catermonkey, vous int\u00e9grez facilement un module de demande \u00e0 votre site web, exactement ce que recherchent de nombreux traiteurs.<\/div>\n          <div class=\"card-sub\">Le Pain Quotidien<\/div>\n          <div class=\"card-logo\"><img decoding=\"async\" src=\"https:\/\/catermonkey.com\/fr\/wp-content\/uploads\/sites\/13\/2025\/11\/le-pain-quotidien-logo.png.webp\"\/><\/div>\n        <\/div>\n      <\/div>\n      <div class=\"flip-face flip-back\">\n        <div class=\"card-inner flip_card_image\" style=\"background-image: url(https:\/\/catermonkey.com\/fr\/wp-content\/uploads\/sites\/13\/2025\/11\/le-pain-quotidien.jpg.webp) !important;\">\n          <div class=\"card-title\">Le Pain Quotidien<\/div>\n          \n        <\/div>\n      <\/div>\n    <\/div>\n  <\/div>\n   <\/div>\n\n  <div class=\"et_pb_grid_column\">\n    <div class=\"flip-wrapper\">\n    <div class=\"flip-card\">\n      <div class=\"flip-face flip-front\">\n        <div class=\"card-inner\">\n          <div class=\"quote-icon\">\n\t\t <img decoding=\"async\" src=\"https:\/\/catermonkey.com\/fr\/wp-content\/uploads\/sites\/13\/2025\/11\/quote-icon.svg\" alt=\"\">\n\t\t  <\/div>\n          <div class=\"card-title\">Sans Catermonkey, le calcul des achats en d\u00e9but de semaine peut \u00eatre une t\u00e2che chronophage.<\/div>\n          <div class=\"card-sub\">ByFrankies Catering<\/div>\n          <div class=\"card-logo\"><img decoding=\"async\" src=\"https:\/\/catermonkey.com\/fr\/wp-content\/uploads\/sites\/13\/2025\/11\/by-frankies-logo.png.webp\"\/><\/div>\n        <\/div>\n      <\/div>\n      <div class=\"flip-face flip-back\">\n        <div class=\"card-inner flip_card_image\" style=\"background-image: url(https:\/\/catermonkey.com\/fr\/wp-content\/uploads\/sites\/13\/2025\/11\/by-frankies.jpg.webp) !important;\">\n          <div class=\"card-title\">ByFrankies Catering<\/div>\n          \n        <\/div>\n      <\/div>\n    <\/div>\n  <\/div>\n   <\/div>\n\n  <div class=\"et_pb_grid_column\">\n   <div class=\"video-swiper-slide\">\n  <div class=\"flip-wrapper\">\n  <div class=\"card-inner flip_card_image\" style=\"background-image: url(https:\/\/catermonkey.com\/fr\/wp-content\/uploads\/sites\/13\/2025\/11\/ideaal-catering.jpg.webp) !important;\">\n          <div class=\"card-title\" data=\"https:\/\/player.vimeo.com\/video\/783597000?autoplay=1&dnt=1&app_id=122963\"> <svg xmlns=\"http:\/\/www.w3.org\/2000\/svg\" viewBox=\"0 0 192 512\"><!--!Font Awesome Free v5.15.4 by @fontawesome - https:\/\/fontawesome.com License - https:\/\/fontawesome.com\/license\/free Copyright 2025 Fonticons, Inc.--><path d=\"M0 384.662V127.338c0-17.818 21.543-26.741 34.142-14.142l128.662 128.662c7.81 7.81 7.81 20.474 0 28.284L34.142 398.804C21.543 411.404 0 402.48 0 384.662z\"\/><\/svg> Voir cette histoire<\/div>\n          \n   <\/div>\n  <\/div>\n <\/div> \n \n   <\/div>\n\n<\/div><div class=\"et_flex_grid_row\">  <div class=\"et_pb_grid_column\">\n   <div class=\"video-swiper-slide\">\n  <div class=\"flip-wrapper\">\n  <div class=\"card-inner flip_card_image\" style=\"background-image: url(https:\/\/catermonkey.com\/fr\/wp-content\/uploads\/sites\/13\/2025\/11\/boxys-fine-food.jpg.webp) !important;\">\n          <div class=\"card-title\" data=\"https:\/\/player.vimeo.com\/video\/866279908?autoplay=1&dnt=1&app_id=122963\"> <svg xmlns=\"http:\/\/www.w3.org\/2000\/svg\" viewBox=\"0 0 192 512\"><!--!Font Awesome Free v5.15.4 by @fontawesome - https:\/\/fontawesome.com License - https:\/\/fontawesome.com\/license\/free Copyright 2025 Fonticons, Inc.--><path d=\"M0 384.662V127.338c0-17.818 21.543-26.741 34.142-14.142l128.662 128.662c7.81 7.81 7.81 20.474 0 28.284L34.142 398.804C21.543 411.404 0 402.48 0 384.662z\"\/><\/svg> Voir cette histoire<\/div>\n          \n   <\/div>\n  <\/div>\n <\/div> \n \n   <\/div>\n\n  <div class=\"et_pb_grid_column\">\n    <div class=\"flip-wrapper\">\n    <div class=\"flip-card\">\n      <div class=\"flip-face flip-front\">\n        <div class=\"card-inner\">\n          <div class=\"quote-icon\">\n\t\t <img decoding=\"async\" src=\"https:\/\/catermonkey.com\/fr\/wp-content\/uploads\/sites\/13\/2025\/11\/quote-icon.svg\" alt=\"\">\n\t\t  <\/div>\n          <div class=\"card-title\">M\u00eame pour les plus grandes entreprises de restauration, Catermonkey est l'application tout-en-un.<\/div>\n          <div class=\"card-sub\">J&amp;K Catering<\/div>\n          <div class=\"card-logo\"><img decoding=\"async\" src=\"https:\/\/catermonkey.com\/fr\/wp-content\/uploads\/sites\/13\/2025\/11\/jk-catering-logo.png.webp\"\/><\/div>\n        <\/div>\n      <\/div>\n      <div class=\"flip-face flip-back\">\n        <div class=\"card-inner flip_card_image\" style=\"background-image: url(https:\/\/catermonkey.com\/fr\/wp-content\/uploads\/sites\/13\/2025\/11\/jk-catering.png.webp) !important;\">\n          <div class=\"card-title\">J&amp;K Catering<\/div>\n          \n        <\/div>\n      <\/div>\n    <\/div>\n  <\/div>\n   <\/div>\n\n  <div class=\"et_pb_grid_column\">\n    <div class=\"flip-wrapper\">\n    <div class=\"flip-card\">\n      <div class=\"flip-face flip-front\">\n        <div class=\"card-inner\">\n          <div class=\"quote-icon\">\n\t\t <img decoding=\"async\" src=\"https:\/\/catermonkey.com\/fr\/wp-content\/uploads\/sites\/13\/2025\/11\/quote-icon.svg\" alt=\"\">\n\t\t  <\/div>\n          <div class=\"card-title\">De d\u00e9licieux petits-d\u00e9jeuners, d\u00e9jeuners, d\u00eeners et buffets. Depuis des ann\u00e9es, De Maes catering s'en occupe dans la r\u00e9gion de Veenendaal. <\/div>\n          <div class=\"card-sub\">De Maes Cateringservice<\/div>\n          <div class=\"card-logo\"><img decoding=\"async\" src=\"https:\/\/catermonkey.com\/fr\/wp-content\/uploads\/sites\/13\/2025\/11\/demaes-logo.png.webp\"\/><\/div>\n        <\/div>\n      <\/div>\n      <div class=\"flip-face flip-back\">\n        <div class=\"card-inner flip_card_image\" style=\"background-image: url(https:\/\/catermonkey.com\/fr\/wp-content\/uploads\/sites\/13\/2025\/11\/demaes.jpg.webp) !important;\">\n          <div class=\"card-title\">De Maes Cateringservice<\/div>\n          \n        <\/div>\n      <\/div>\n    <\/div>\n  <\/div>\n   <\/div>\n\n<\/div><div class=\"et_flex_grid_row\">  <div class=\"et_pb_grid_column\">\n    <div class=\"flip-wrapper\">\n    <div class=\"flip-card\">\n      <div class=\"flip-face flip-front\">\n        <div class=\"card-inner\">\n          <div class=\"quote-icon\">\n\t\t <img decoding=\"async\" src=\"https:\/\/catermonkey.com\/fr\/wp-content\/uploads\/sites\/13\/2025\/11\/quote-icon.svg\" alt=\"\">\n\t\t  <\/div>\n          <div class=\"card-title\">La restauration implique beaucoup d'administration, et c'est l\u00e0 que Catermonkey vous aide vraiment !<\/div>\n          <div class=\"card-sub\">Roses Rouges et Tortillas<\/div>\n          <div class=\"card-logo\"><img decoding=\"async\" src=\"https:\/\/catermonkey.com\/fr\/wp-content\/uploads\/sites\/13\/2025\/11\/rode-rozen-en-tortillas-logo.png.webp\"\/><\/div>\n        <\/div>\n      <\/div>\n      <div class=\"flip-face flip-back\">\n        <div class=\"card-inner flip_card_image\" style=\"background-image: url(https:\/\/catermonkey.com\/fr\/wp-content\/uploads\/sites\/13\/2025\/11\/rode-rozen-en-tortillas.jpg.webp) !important;\">\n          <div class=\"card-title\">Roses Rouges et Tortillas<\/div>\n          \n        <\/div>\n      <\/div>\n    <\/div>\n  <\/div>\n   <\/div>\n\n  <div class=\"et_pb_grid_column\">\n    <div class=\"flip-wrapper\">\n    <div class=\"flip-card\">\n      <div class=\"flip-face flip-front\">\n        <div class=\"card-inner\">\n          <div class=\"quote-icon\">\n\t\t <img decoding=\"async\" src=\"https:\/\/catermonkey.com\/fr\/wp-content\/uploads\/sites\/13\/2025\/11\/quote-icon.svg\" alt=\"\">\n\t\t  <\/div>\n          <div class=\"card-title\">Buffets v\u00e9g\u00e9taliens, accompagnements, boissons\u2014les clients demandent maintenant facilement leur combinaison pr\u00e9f\u00e9r\u00e9e via le site web. Cela fait une grande diff\u00e9rence ! <\/div>\n          <div class=\"card-sub\">Eveline Cooks<\/div>\n          <div class=\"card-logo\"><img decoding=\"async\" src=\"https:\/\/catermonkey.com\/fr\/wp-content\/uploads\/sites\/13\/2025\/11\/eveline-cooks-logo.png.webp\"\/><\/div>\n        <\/div>\n      <\/div>\n      <div class=\"flip-face flip-back\">\n        <div class=\"card-inner flip_card_image\" style=\"background-image: url(https:\/\/catermonkey.com\/fr\/wp-content\/uploads\/sites\/13\/2025\/11\/evelyne-cooks.jpg.webp) !important;\">\n          <div class=\"card-title\">Eveline Cooks<\/div>\n          \n        <\/div>\n      <\/div>\n    <\/div>\n  <\/div>\n   <\/div>\n\n  <div class=\"et_pb_grid_column\">\n    <div class=\"flip-wrapper\">\n    <div class=\"flip-card\">\n      <div class=\"flip-face flip-front\">\n        <div class=\"card-inner\">\n          <div class=\"quote-icon\">\n\t\t <img decoding=\"async\" src=\"https:\/\/catermonkey.com\/fr\/wp-content\/uploads\/sites\/13\/2025\/11\/quote-icon.svg\" alt=\"\">\n\t\t  <\/div>\n          <div class=\"card-title\">Chez Faj\u00e9 Catering, ils utilisent Catermonkey pour tout, d'un petit d\u00e9jeuner \u00e0 un concept global complet.<\/div>\n          <div class=\"card-sub\">Faj\u00e9 Catering &amp; Events<\/div>\n          <div class=\"card-logo\"><img decoding=\"async\" src=\"https:\/\/catermonkey.com\/fr\/wp-content\/uploads\/sites\/13\/2025\/11\/faje-catering-logo.jpg.webp\"\/><\/div>\n        <\/div>\n      <\/div>\n      <div class=\"flip-face flip-back\">\n        <div class=\"card-inner flip_card_image\" style=\"background-image: url(https:\/\/catermonkey.com\/fr\/wp-content\/uploads\/sites\/13\/2025\/11\/faje-catering.jpg.webp) !important;\">\n          <div class=\"card-title\">Faj\u00e9 Catering &amp; Events<\/div>\n          \n        <\/div>\n      <\/div>\n    <\/div>\n  <\/div>\n   <\/div>\n\n<\/div><div class=\"et_flex_grid_row\">  <div class=\"et_pb_grid_column\">\n    <div class=\"flip-wrapper\">\n    <div class=\"flip-card\">\n      <div class=\"flip-face flip-front\">\n        <div class=\"card-inner\">\n          <div class=\"quote-icon\">\n\t\t <img decoding=\"async\" src=\"https:\/\/catermonkey.com\/fr\/wp-content\/uploads\/sites\/13\/2025\/11\/quote-icon.svg\" alt=\"\">\n\t\t  <\/div>\n          <div class=\"card-title\">Chez Uw Chef, la facturation devient d\u00e9sormais un jeu d'enfant.<\/div>\n          <div class=\"card-sub\">Restaurant Uw Chef<\/div>\n          <div class=\"card-logo\"><img decoding=\"async\" src=\"https:\/\/catermonkey.com\/fr\/wp-content\/uploads\/sites\/13\/2025\/11\/uw-chef-logo.png.webp\"\/><\/div>\n        <\/div>\n      <\/div>\n      <div class=\"flip-face flip-back\">\n        <div class=\"card-inner flip_card_image\" style=\"background-image: url(https:\/\/catermonkey.com\/fr\/wp-content\/uploads\/sites\/13\/2025\/11\/uw-chef.jpg.webp) !important;\">\n          <div class=\"card-title\">Restaurant Uw Chef<\/div>\n          \n        <\/div>\n      <\/div>\n    <\/div>\n  <\/div>\n   <\/div>\n\n  <div class=\"et_pb_grid_column\">\n    <div class=\"flip-wrapper\">\n    <div class=\"flip-card\">\n      <div class=\"flip-face flip-front\">\n        <div class=\"card-inner\">\n          <div class=\"quote-icon\">\n\t\t <img decoding=\"async\" src=\"https:\/\/catermonkey.com\/fr\/wp-content\/uploads\/sites\/13\/2025\/11\/quote-icon.svg\" alt=\"\">\n\t\t  <\/div>\n          <div class=\"card-title\">Chez Beggie, le client compose son devis en ligne, ce qui est extr\u00eamement pratique.<\/div>\n          <div class=\"card-sub\">Beggie Catering<\/div>\n          <div class=\"card-logo\"><img decoding=\"async\" src=\"https:\/\/catermonkey.com\/fr\/wp-content\/uploads\/sites\/13\/2025\/11\/beggie-logo.png.webp\"\/><\/div>\n        <\/div>\n      <\/div>\n      <div class=\"flip-face flip-back\">\n        <div class=\"card-inner flip_card_image\" style=\"background-image: url(https:\/\/catermonkey.com\/fr\/wp-content\/uploads\/sites\/13\/2025\/11\/beggie.jpg.webp) !important;\">\n          <div class=\"card-title\">Beggie Catering<\/div>\n          \n        <\/div>\n      <\/div>\n    <\/div>\n  <\/div>\n   <\/div>\n\n  <div class=\"et_pb_grid_column\">\n    <div class=\"flip-wrapper\">\n    <div class=\"flip-card\">\n      <div class=\"flip-face flip-front\">\n        <div class=\"card-inner\">\n          <div class=\"quote-icon\">\n\t\t <img decoding=\"async\" src=\"https:\/\/catermonkey.com\/fr\/wp-content\/uploads\/sites\/13\/2025\/11\/quote-icon.svg\" alt=\"\">\n\t\t  <\/div>\n          <div class=\"card-title\">Chez Sethone Catering, vous composez facilement votre commande et vous la passez via le site web, car c'est ce que le client moderne consid\u00e8re aujourd'hui comme normal.<\/div>\n          <div class=\"card-sub\">Sethone Catering<\/div>\n          <div class=\"card-logo\"><img decoding=\"async\" src=\"https:\/\/catermonkey.com\/fr\/wp-content\/uploads\/sites\/13\/2025\/11\/sethone-logo.jpg.webp\"\/><\/div>\n        <\/div>\n      <\/div>\n      <div class=\"flip-face flip-back\">\n        <div class=\"card-inner flip_card_image\" style=\"background-image: url(https:\/\/catermonkey.com\/fr\/wp-content\/uploads\/sites\/13\/2025\/11\/Sethone-1.png.webp) !important;\">\n          <div class=\"card-title\">Sethone Catering<\/div>\n          \n        <\/div>\n      <\/div>\n    <\/div>\n  <\/div>\n   <\/div>\n\n<\/div><div class=\"et_flex_grid_row\">  <div class=\"et_pb_grid_column\">\n    <div class=\"flip-wrapper\">\n    <div class=\"flip-card\">\n      <div class=\"flip-face flip-front\">\n        <div class=\"card-inner\">\n          <div class=\"quote-icon\">\n\t\t <img decoding=\"async\" src=\"https:\/\/catermonkey.com\/fr\/wp-content\/uploads\/sites\/13\/2025\/11\/quote-icon.svg\" alt=\"\">\n\t\t  <\/div>\n          <div class=\"card-title\">En plus de la p\u00e2te \u00e0 pizza la plus croustillante et la plus l\u00e9g\u00e8re, Lazzarella offre \u00e9galement une histoire en ligne dynamique et un flux de demande fluide.<\/div>\n          <div class=\"card-sub\">Lazzarella<\/div>\n          <div class=\"card-logo\"><img decoding=\"async\" src=\"https:\/\/catermonkey.com\/fr\/wp-content\/uploads\/sites\/13\/2025\/11\/lazarella-logo.png.webp\"\/><\/div>\n        <\/div>\n      <\/div>\n      <div class=\"flip-face flip-back\">\n        <div class=\"card-inner flip_card_image\" style=\"background-image: url(https:\/\/catermonkey.com\/fr\/wp-content\/uploads\/sites\/13\/2025\/11\/lazzarella.jpg.webp) !important;\">\n          <div class=\"card-title\">Lazzarella<\/div>\n          \n        <\/div>\n      <\/div>\n    <\/div>\n  <\/div>\n   <\/div>\n\n  <div class=\"et_pb_grid_column\">\n    <div class=\"flip-wrapper\">\n    <div class=\"flip-card\">\n      <div class=\"flip-face flip-front\">\n        <div class=\"card-inner\">\n          <div class=\"quote-icon\">\n\t\t <img decoding=\"async\" src=\"https:\/\/catermonkey.com\/fr\/wp-content\/uploads\/sites\/13\/2025\/11\/quote-icon.svg\" alt=\"\">\n\t\t  <\/div>\n          <div class=\"card-title\">Bert & Co est un pur-sang dans le monde de la restauration, avec une client\u00e8le impressionnante. Nous sommes fiers d'avoir ce type d'acteurs prim\u00e9s dans nos rangs ! <\/div>\n          <div class=\"card-sub\">Bert &amp; Co<\/div>\n          <div class=\"card-logo\"><img decoding=\"async\" src=\"https:\/\/catermonkey.com\/fr\/wp-content\/uploads\/sites\/13\/2025\/11\/bertenco-logo.jpg.webp\"\/><\/div>\n        <\/div>\n      <\/div>\n      <div class=\"flip-face flip-back\">\n        <div class=\"card-inner flip_card_image\" style=\"background-image: url(https:\/\/catermonkey.com\/fr\/wp-content\/uploads\/sites\/13\/2025\/11\/bertenco.jpg.webp) !important;\">\n          <div class=\"card-title\">Bert &amp; Co<\/div>\n          \n        <\/div>\n      <\/div>\n    <\/div>\n  <\/div>\n   <\/div>\n\n  <div class=\"et_pb_grid_column\">\n    <div class=\"flip-wrapper\">\n    <div class=\"flip-card\">\n      <div class=\"flip-face flip-front\">\n        <div class=\"card-inner\">\n          <div class=\"quote-icon\">\n\t\t <img decoding=\"async\" src=\"https:\/\/catermonkey.com\/fr\/wp-content\/uploads\/sites\/13\/2025\/11\/quote-icon.svg\" alt=\"\">\n\t\t  <\/div>\n          <div class=\"card-title\">Catermonkey est pratique pour le catering et la location, et tout le monde a une meilleure vue d'ensemble.<\/div>\n          <div class=\"card-sub\">Van Vonderen Catering &amp; Location<\/div>\n          <div class=\"card-logo\"><img decoding=\"async\" src=\"https:\/\/catermonkey.com\/fr\/wp-content\/uploads\/sites\/13\/2025\/11\/vanvonderen-logo.png.webp\"\/><\/div>\n        <\/div>\n      <\/div>\n      <div class=\"flip-face flip-back\">\n        <div class=\"card-inner flip_card_image\" style=\"background-image: url(https:\/\/catermonkey.com\/fr\/wp-content\/uploads\/sites\/13\/2025\/11\/vanvonderen.jpg.webp) !important;\">\n          <div class=\"card-title\">Van Vonderen Catering &amp; Location<\/div>\n          \n        <\/div>\n      <\/div>\n    <\/div>\n  <\/div>\n   <\/div>\n\n<\/div>\n<\/div><\/div>\n<\/div>\n<\/div>\n<\/div>","protected":false},"excerpt":{"rendered":"","protected":false},"author":1,"featured_media":0,"parent":0,"menu_order":3,"comment_status":"closed","ping_status":"closed","template":"","meta":{"_acf_changed":false,"_improvement_type_select":"improve_an_existing","_thumb_yes_seoaic":false,"_frame_yes_seoaic":false,"seoaic_generate_description":"","seoaic_improve_instructions_prompt":"","seoaic_rollback_content_improvement":"","seoaic_idea_thumbnail_generator":"","thumbnail_generated":false,"thumbnail_generate_prompt":"","seoaic_article_description":"","footnotes":""},"class_list":["post-23968867","page","type-page","status-publish","hentry"],"acf":[],"_links":{"self":[{"href":"https:\/\/catermonkey.com\/fr\/wp-json\/wp\/v2\/pages\/23968867","targetHints":{"allow":["GET"]}}],"collection":[{"href":"https:\/\/catermonkey.com\/fr\/wp-json\/wp\/v2\/pages"}],"about":[{"href":"https:\/\/catermonkey.com\/fr\/wp-json\/wp\/v2\/types\/page"}],"author":[{"embeddable":true,"href":"https:\/\/catermonkey.com\/fr\/wp-json\/wp\/v2\/users\/1"}],"replies":[{"embeddable":true,"href":"https:\/\/catermonkey.com\/fr\/wp-json\/wp\/v2\/comments?post=23968867"}],"version-history":[{"count":0,"href":"https:\/\/catermonkey.com\/fr\/wp-json\/wp\/v2\/pages\/23968867\/revisions"}],"wp:attachment":[{"href":"https:\/\/catermonkey.com\/fr\/wp-json\/wp\/v2\/media?parent=23968867"}],"curies":[{"name":"wp","href":"https:\/\/api.w.org\/{rel}","templated":true}]}}