{"id":23968869,"date":"2025-11-05T08:25:02","date_gmt":"2025-11-05T07:25:02","guid":{"rendered":"https:\/\/cm.studiopampas.be\/catermonkey\/presse\/"},"modified":"2026-01-27T18:22:14","modified_gmt":"2026-01-27T17:22:14","slug":"presse","status":"publish","type":"page","link":"https:\/\/catermonkey.com\/fr\/presse\/","title":{"rendered":"Presse"},"content":{"rendered":"<div class=\"et_pb_section_0 et_pb_section et_section_regular et_block_section\">\n<div class=\"et_pb_row_0 et_pb_row et_block_row\">\n<div class=\"et_pb_column_0 et_pb_column et_pb_column_4_4 et-last-child et_block_column et_pb_css_mix_blend_mode_passthrough\">\n<div class=\"et_pb_heading_0 et_pb_heading et_pb_module et_block_module\"><div class=\"et_pb_heading_container\"><h1 class=\"et_pb_module_header\">Presse<\/h1><\/div><\/div>\n\n<div class=\"et_pb_text_0 et_pb_text et_pb_bg_layout_light et_pb_module et_block_module\"><div class=\"et_pb_text_inner\"><p><span>Catermonkey propose des solutions innovantes pour le secteur de la restauration et de l'\u00e9v\u00e9nementiel. Gr\u00e2ce \u00e0 notre logiciel, nous aidons les entreprises \u00e0 \u00e9tablir plus rapidement leurs devis, \u00e0 rationaliser leurs processus et \u00e0 am\u00e9liorer la qualit\u00e9 de leurs services. Vous trouverez ici les derni\u00e8res actualit\u00e9s et la couverture m\u00e9diatique concernant Catermonkey !  <\/span><\/p>\n<\/div><\/div>\n<\/div>\n<\/div>\n<\/div>\n\n<div class=\"et_pb_section_1 et_pb_section et_section_regular et_block_section\">\n<div class=\"et_pb_row_1 et_pb_row et_block_row\">\n<div class=\"et_pb_column_1 et_pb_column et_pb_column_4_4 et-last-child et_block_column et_pb_css_mix_blend_mode_passthrough\">\n<div class=\"et_pb_blog_0 et_pb_blog et_pb_bg_layout_light et_pb_posts et_pb_module\"><div class=\"entry\">\n\t<h1 class=\"not-found-title\">Aucun R\u00e9sultat Trouv\u00e9<\/h1>\n\t<p>La page demand\u00e9e est introuvable. Essayez d\u2019affiner votre recherche ou utilisez la navigation ci-dessus pour trouver l\u2019article.<\/p>\n<\/div>\n<\/div>\n<\/div>\n<\/div>\n<\/div>","protected":false},"excerpt":{"rendered":"","protected":false},"author":1,"featured_media":0,"parent":0,"menu_order":7,"comment_status":"closed","ping_status":"closed","template":"","meta":{"_acf_changed":false,"_improvement_type_select":"improve_an_existing","_thumb_yes_seoaic":false,"_frame_yes_seoaic":false,"seoaic_generate_description":"","seoaic_improve_instructions_prompt":"","seoaic_rollback_content_improvement":"","seoaic_idea_thumbnail_generator":"","thumbnail_generated":false,"thumbnail_generate_prompt":"","seoaic_article_description":"","footnotes":""},"class_list":["post-23968869","page","type-page","status-publish","hentry"],"acf":[],"_links":{"self":[{"href":"https:\/\/catermonkey.com\/fr\/wp-json\/wp\/v2\/pages\/23968869","targetHints":{"allow":["GET"]}}],"collection":[{"href":"https:\/\/catermonkey.com\/fr\/wp-json\/wp\/v2\/pages"}],"about":[{"href":"https:\/\/catermonkey.com\/fr\/wp-json\/wp\/v2\/types\/page"}],"author":[{"embeddable":true,"href":"https:\/\/catermonkey.com\/fr\/wp-json\/wp\/v2\/users\/1"}],"replies":[{"embeddable":true,"href":"https:\/\/catermonkey.com\/fr\/wp-json\/wp\/v2\/comments?post=23968869"}],"version-history":[{"count":0,"href":"https:\/\/catermonkey.com\/fr\/wp-json\/wp\/v2\/pages\/23968869\/revisions"}],"wp:attachment":[{"href":"https:\/\/catermonkey.com\/fr\/wp-json\/wp\/v2\/media?parent=23968869"}],"curies":[{"name":"wp","href":"https:\/\/api.w.org\/{rel}","templated":true}]}}