{"id":23968871,"date":"2025-11-05T08:25:18","date_gmt":"2025-11-05T07:25:18","guid":{"rendered":"https:\/\/cm.studiopampas.be\/catermonkey\/travailler-chez-catermonkey\/"},"modified":"2025-11-28T15:44:46","modified_gmt":"2025-11-28T14:44:46","slug":"travailler-chez-catermonkey","status":"publish","type":"page","link":"https:\/\/catermonkey.com\/fr\/travailler-chez-catermonkey\/","title":{"rendered":"Travailler chez Catermonkey"},"content":{"rendered":"<div class=\"et_pb_section_0 et_pb_section et_section_regular et_flex_section\">\n<div class=\"et_pb_row_0 et_pb_row et_flex_row\">\n<div class=\"et_pb_column_0 et_pb_column et-last-child et_flex_column et_pb_css_mix_blend_mode_passthrough et_flex_column_24_24 et_flex_column_24_24_tablet et_flex_column_24_24_phone\">\n<div class=\"et_pb_heading_0 et_pb_heading et_pb_module et_flex_module main_head\"><div class=\"et_pb_heading_container\"><h1 class=\"et_pb_module_header\">Travailler chez Catermonkey<\/h1><\/div><\/div>\n\n<div class=\"et_pb_text_0 et_pb_text et_pb_bg_layout_light et_pb_module et_flex_module paragraph_center\"><div class=\"et_pb_text_inner\"><p data-start=\"113\" data-end=\"306\" style=\"text-align: center;\">Vous souhaitez rejoindre notre \u00e9quipe ? Catermonkey continue de cro\u00eetre fortement et nous recherchons r\u00e9guli\u00e8rement de nouveaux coll\u00e8gues ! Nous proposons \u00e9galement plusieurs stages par an.  <\/p>\n<p data-start=\"113\" data-end=\"306\" style=\"text-align: center;\">Consultez nos offres d'emploi ci-dessous et d\u00e9couvrez comment vous pouvez contribuer \u00e0 notre avenir au sein d'une \u00e9quipe enthousiaste et ambitieuse.<\/p>\n<p data-start=\"422\" data-end=\"620\" style=\"text-align: center;\">Vous \u00eates int\u00e9ress\u00e9 ou vous avez des questions ? N'h\u00e9sitez pas \u00e0 nous contacter. <\/p>\n<\/div><\/div>\n<\/div>\n<\/div>\n<\/div>\n\n<div class=\"et_pb_section_1 et_pb_section et_section_regular et_block_section\">\n<div class=\"et_pb_row_1 et_pb_row et_block_row\">\n<div class=\"et_pb_column_1 et_pb_column et_pb_column_4_4 et-last-child et_block_column et_pb_css_mix_blend_mode_passthrough\">\n<div class=\"et_pb_text_1 et_pb_text et_pb_bg_layout_light et_pb_module et_block_module\"><div class=\"et_pb_text_inner\"><p><!-- wp:divi\/placeholder \/--><\/p>\n<\/div><\/div>\n<\/div>\n<\/div>\n<\/div>","protected":false},"excerpt":{"rendered":"","protected":false},"author":1,"featured_media":0,"parent":0,"menu_order":8,"comment_status":"closed","ping_status":"closed","template":"","meta":{"_acf_changed":false,"_improvement_type_select":"improve_an_existing","_thumb_yes_seoaic":false,"_frame_yes_seoaic":false,"seoaic_generate_description":"","seoaic_improve_instructions_prompt":"","seoaic_rollback_content_improvement":"","seoaic_idea_thumbnail_generator":"","thumbnail_generated":false,"thumbnail_generate_prompt":"","seoaic_article_description":"","footnotes":""},"class_list":["post-23968871","page","type-page","status-publish","hentry"],"acf":[],"_links":{"self":[{"href":"https:\/\/catermonkey.com\/fr\/wp-json\/wp\/v2\/pages\/23968871","targetHints":{"allow":["GET"]}}],"collection":[{"href":"https:\/\/catermonkey.com\/fr\/wp-json\/wp\/v2\/pages"}],"about":[{"href":"https:\/\/catermonkey.com\/fr\/wp-json\/wp\/v2\/types\/page"}],"author":[{"embeddable":true,"href":"https:\/\/catermonkey.com\/fr\/wp-json\/wp\/v2\/users\/1"}],"replies":[{"embeddable":true,"href":"https:\/\/catermonkey.com\/fr\/wp-json\/wp\/v2\/comments?post=23968871"}],"version-history":[{"count":0,"href":"https:\/\/catermonkey.com\/fr\/wp-json\/wp\/v2\/pages\/23968871\/revisions"}],"wp:attachment":[{"href":"https:\/\/catermonkey.com\/fr\/wp-json\/wp\/v2\/media?parent=23968871"}],"curies":[{"name":"wp","href":"https:\/\/api.w.org\/{rel}","templated":true}]}}