{"id":47,"date":"2025-11-05T08:24:15","date_gmt":"2025-11-05T08:24:15","guid":{"rendered":"https:\/\/cm.studiopampas.be\/?page_id=47"},"modified":"2026-02-25T14:41:57","modified_gmt":"2026-02-25T13:41:57","slug":"blog","status":"publish","type":"page","link":"https:\/\/catermonkey.com\/fr\/blog\/","title":{"rendered":"Blog"},"content":{"rendered":"<div class=\"et_pb_section_0 et_pb_section et_section_regular et_flex_section\">\n<div class=\"et_pb_row_0 et_pb_row et_flex_row\">\n<div class=\"et_pb_column_0 et_pb_column et-last-child et_flex_column et_pb_css_mix_blend_mode_passthrough et_flex_column_24_24 et_flex_column_24_24_tablet et_flex_column_24_24_phone\">\n<div class=\"et_pb_heading_0 et_pb_heading et_pb_module et_flex_module main_head\"><div class=\"et_pb_heading_container\"><h1 class=\"et_pb_module_header\">Blog<\/h1><\/div><\/div>\n\n<div class=\"et_pb_text_0 et_pb_text et_pb_bg_layout_light et_pb_module et_flex_module paragraph_center\"><div class=\"et_pb_text_inner\"><p style=\"text-align: center;\"><span>Een blog die de nieuwste technologische ontwikkelingen en trends in de partysector onderzoekt, en hoe ze kunnen worden toegepast om feesten en evenementen naar een hoger niveau te tillen.<\/span><\/p>\n<\/div><\/div>\n<\/div>\n<\/div>\n<\/div>\n\n<div class=\"et_pb_section_1 et_pb_section et_section_regular et_flex_section\">\n<div class=\"et_pb_row_1 et_pb_row et_flex_row\"><div class=\"et_pb_column_1 et_pb_column et_flex_column et_pb_css_mix_blend_mode_passthrough et_flex_column_8_24 et_flex_column_8_24_tablet et_flex_column_24_24_phone\" data-loop-item=\"0\">\n<div class=\"et_pb_group_0 et_pb_group et-last-child et_pb_module et_flex_group et_pb_css_mix_blend_mode_passthrough\">\n<div class=\"et_pb_image_0 et_pb_image et_pb_module et_flex_module\"><a href=\"https:\/\/catermonkey.com\/fr\/quels-couts-devez-vous-inclure-dans-un-devis-de-restauration\/\"><span class=\"et_pb_image_wrap\"><img decoding=\"async\" src=\"https:\/\/catermonkey.com\/fr\/wp-content\/uploads\/sites\/13\/2025\/12\/catering-offerte-kosten-berekening-bureau.webp\" alt=\"Cateringofferte op houten bureau met rekenmachine, euro&#039;s, tablet met spreadsheet en gourmet hapjes voor financi\u00eble planning\" title=\"catering-offerte-kosten-berekening-bureau\" width=\"1024\" height=\"768\" srcset=\"https:\/\/catermonkey.com\/fr\/wp-content\/uploads\/sites\/13\/2025\/12\/catering-offerte-kosten-berekening-bureau.webp 1024w, https:\/\/catermonkey.com\/fr\/wp-content\/uploads\/sites\/13\/2025\/12\/catering-offerte-kosten-berekening-bureau-980x735.webp 980w, https:\/\/catermonkey.com\/fr\/wp-content\/uploads\/sites\/13\/2025\/12\/catering-offerte-kosten-berekening-bureau-480x360.webp 480w\" sizes=\"(min-width: 0px) and (max-width: 480px) 480px, (min-width: 481px) and (max-width: 980px) 980px, (min-width: 981px) 1024px, 100vw\" class=\"wp-image-23971492\" \/><\/span><\/a><\/div>\n\n<div class=\"et_pb_heading_1 et_pb_heading et_clickable et_pb_module et_flex_module\"><div class=\"et_pb_heading_container\"><h2 class=\"et_pb_module_header\">Quels co\u00fbts devez-vous inclure dans un devis de restauration ?<\/h2><\/div><\/div>\n\n<div class=\"et_pb_text_1 et_pb_text et_pb_bg_layout_light et_pb_module et_flex_module loop-excerpt\"><div class=\"et_pb_text_inner\"><p>Un devis complet pour un service traiteur comprend tous les co\u00fbts n\u00e9cessaires \u00e0 la r\u00e9ussite de votre \u00e9v\u00e9nement. Cela inclut non seulement les ingr\u00e9dients et le personnel, mais aussi le transport, le mat\u00e9riel, les co\u00fbts cach\u00e9s tels que l&rsquo;administration et l&rsquo;assurance, ainsi qu&rsquo;une marge b\u00e9n\u00e9ficiaire raisonnable. Un calcul des co\u00fbts bien pens\u00e9 vous permet de rester rentable et \u00e9vite les surprises \u00e0 vos clients.   Tout devis de restauration professionnelle commence par quatre postes de co\u00fbts fondamentaux que vous devez toujours prendre en compte.<\/p>\n<\/div><\/div>\n\n<div class=\"et_pb_module et_pb_button_module_wrapper et_pb_button_0_wrapper\"><a class=\"et_pb_button_0 et_pb_button et_pb_bg_layout_light et_pb_module et_flex_module\" href=\"https:\/\/catermonkey.com\/fr\/quels-couts-devez-vous-inclure-dans-un-devis-de-restauration\/\">Lees meer<\/a><\/div>\n<\/div>\n<\/div><div class=\"et_pb_column_2 et_pb_column et_flex_column et_pb_css_mix_blend_mode_passthrough et_flex_column_8_24 et_flex_column_8_24_tablet et_flex_column_24_24_phone\" data-loop-item=\"1\">\n<div class=\"et_pb_group_1 et_pb_group et-last-child et_pb_module et_flex_group et_pb_css_mix_blend_mode_passthrough\">\n<div class=\"et_pb_image_1 et_pb_image et_pb_module et_flex_module\"><a href=\"https:\/\/catermonkey.com\/fr\/quelle-est-la-difference-entre-un-devis-et-une-facture-dans-le-domaine-de-la-restauration\/\"><span class=\"et_pb_image_wrap\"><img decoding=\"async\" src=\"https:\/\/catermonkey.com\/fr\/wp-content\/uploads\/sites\/13\/2025\/12\/catering-offerte-factuur-tablet-vergelijking.webp\" alt=\"Deux \u00e9l\u00e9gantes tables en bois pr\u00e9sentent l&#039;interface num\u00e9rique pour les devis et les factures imprim\u00e9es pour une entreprise de restauration.\" title=\"catering-offre-facture-tablette-comparaison\" width=\"1024\" height=\"768\" srcset=\"https:\/\/catermonkey.com\/fr\/wp-content\/uploads\/sites\/13\/2025\/12\/catering-offerte-factuur-tablet-vergelijking.webp 1024w, https:\/\/catermonkey.com\/fr\/wp-content\/uploads\/sites\/13\/2025\/12\/catering-offerte-factuur-tablet-vergelijking-980x735.webp 980w, https:\/\/catermonkey.com\/fr\/wp-content\/uploads\/sites\/13\/2025\/12\/catering-offerte-factuur-tablet-vergelijking-480x360.webp 480w\" sizes=\"(min-width: 0px) and (max-width: 480px) 480px, (min-width: 481px) and (max-width: 980px) 980px, (min-width: 981px) 1024px, 100vw\" class=\"wp-image-23971292\" \/><\/span><\/a><\/div>\n\n<div class=\"et_pb_heading_2 et_pb_heading et_clickable et_pb_module et_flex_module\"><div class=\"et_pb_heading_container\"><h2 class=\"et_pb_module_header\">Quelle est la diff\u00e9rence entre un devis et une facture dans le domaine de la restauration ?<\/h2><\/div><\/div>\n\n<div class=\"et_pb_text_2 et_pb_text et_pb_bg_layout_light et_pb_module et_flex_module loop-excerpt\"><div class=\"et_pb_text_inner\"><p>En tant que traiteur, vous \u00eates quotidiennement confront\u00e9 \u00e0 diff\u00e9rents types de documents. La diff\u00e9rence entre un devis de restauration et une facture de restauration peut sembler \u00e9vidente, mais dans la pratique, cela pr\u00eate souvent \u00e0 confusion. Un devis est envoy\u00e9 \u00e0 l&rsquo;avance pour proposer vos services et donner un prix, tandis qu&rsquo;une facture n&rsquo;est envoy\u00e9e qu&rsquo;apr\u00e8s la prestation de vos services de restauration, \u00e0 titre de demande de paiement. Il est important de comprendre cette diff\u00e9rence pour votre administration de restauration et pour donner une image professionnelle \u00e0 vos clients. Un devis de restauration est votre carte de visite aupr\u00e8s de clients potentiels. C&rsquo;est un [\u2026]     <\/p>\n<\/div><\/div>\n\n<div class=\"et_pb_module et_pb_button_module_wrapper et_pb_button_1_wrapper\"><a class=\"et_pb_button_1 et_pb_button et_pb_bg_layout_light et_pb_module et_flex_module\" href=\"https:\/\/catermonkey.com\/fr\/quelle-est-la-difference-entre-un-devis-et-une-facture-dans-le-domaine-de-la-restauration\/\">Lees meer<\/a><\/div>\n<\/div>\n<\/div><div class=\"et_pb_column_3 et_pb_column et_flex_column et_pb_css_mix_blend_mode_passthrough et_flex_column_8_24 et_flex_column_8_24_tablet et_flex_column_24_24_phone\" data-loop-item=\"2\">\n<div class=\"et_pb_group_2 et_pb_group et-last-child et_pb_module et_flex_group et_pb_css_mix_blend_mode_passthrough\">\n<div class=\"et_pb_image_2 et_pb_image et_pb_module et_flex_module\"><a href=\"https:\/\/catermonkey.com\/fr\/quelle-est-la-difference-entre-un-devis-et-un-contrat\/\"><span class=\"et_pb_image_wrap\"><img decoding=\"async\" src=\"https:\/\/catermonkey.com\/fr\/wp-content\/uploads\/sites\/13\/2025\/12\/verschil-offerte-overeenkomst.png\" title=\"verschil-offerte-overeenkomst\" width=\"980\" height=\"490\" srcset=\"https:\/\/catermonkey.com\/fr\/wp-content\/uploads\/sites\/13\/2025\/12\/verschil-offerte-overeenkomst.png 980w, https:\/\/catermonkey.com\/fr\/wp-content\/uploads\/sites\/13\/2025\/12\/verschil-offerte-overeenkomst-480x240.png 480w\" sizes=\"(min-width: 0px) and (max-width: 480px) 480px, (min-width: 481px) 980px, 100vw\" class=\"wp-image-23971609\" \/><\/span><\/a><\/div>\n\n<div class=\"et_pb_heading_3 et_pb_heading et_clickable et_pb_module et_flex_module\"><div class=\"et_pb_heading_container\"><h2 class=\"et_pb_module_header\">Quelle est la diff\u00e9rence entre un devis et un contrat ?<\/h2><\/div><\/div>\n\n<div class=\"et_pb_text_3 et_pb_text et_pb_bg_layout_light et_pb_module et_flex_module loop-excerpt\"><div class=\"et_pb_text_inner\"><p>Une offre est une proposition non contraignante faite par une entreprise \u00e0 un client, tandis qu&rsquo;un contrat est un accord juridiquement contraignant entre les deux parties. La principale diff\u00e9rence r\u00e9side dans les cons\u00e9quences juridiques : une offre peut encore \u00eatre retir\u00e9e ou refus\u00e9e, mais un contrat oblige les deux parties \u00e0 respecter les conditions convenues. <\/p>\n<\/div><\/div>\n\n<div class=\"et_pb_module et_pb_button_module_wrapper et_pb_button_2_wrapper\"><a class=\"et_pb_button_2 et_pb_button et_pb_bg_layout_light et_pb_module et_flex_module\" href=\"https:\/\/catermonkey.com\/fr\/quelle-est-la-difference-entre-un-devis-et-un-contrat\/\">Lees meer<\/a><\/div>\n<\/div>\n<\/div><div class=\"et_pb_column_4 et_pb_column et_flex_column et_pb_css_mix_blend_mode_passthrough et_flex_column_8_24 et_flex_column_8_24_tablet et_flex_column_24_24_phone\" data-loop-item=\"3\">\n<div class=\"et_pb_group_3 et_pb_group et-last-child et_pb_module et_flex_group et_pb_css_mix_blend_mode_passthrough\">\n<div class=\"et_pb_image_3 et_pb_image et_pb_module et_flex_module\"><a href=\"https:\/\/catermonkey.com\/fr\/quelle-est-la-difference-entre-un-devis-et-une-facture\/\"><span class=\"et_pb_image_wrap\"><img decoding=\"async\" src=\"https:\/\/catermonkey.com\/fr\/wp-content\/uploads\/sites\/13\/2025\/12\/verschil-offerte-factuur.png\" title=\"diff\u00e9rence-devis-facture\" width=\"980\" height=\"490\" srcset=\"https:\/\/catermonkey.com\/fr\/wp-content\/uploads\/sites\/13\/2025\/12\/verschil-offerte-factuur.png 980w, https:\/\/catermonkey.com\/fr\/wp-content\/uploads\/sites\/13\/2025\/12\/verschil-offerte-factuur-480x240.png 480w\" sizes=\"(min-width: 0px) and (max-width: 480px) 480px, (min-width: 481px) 980px, 100vw\" class=\"wp-image-23971606\" \/><\/span><\/a><\/div>\n\n<div class=\"et_pb_heading_4 et_pb_heading et_clickable et_pb_module et_flex_module\"><div class=\"et_pb_heading_container\"><h2 class=\"et_pb_module_header\">Quelle est la diff\u00e9rence entre un devis et une facture ?<\/h2><\/div><\/div>\n\n<div class=\"et_pb_text_4 et_pb_text et_pb_bg_layout_light et_pb_module et_flex_module loop-excerpt\"><div class=\"et_pb_text_inner\"><p>La diff\u00e9rence entre un devis et une facture r\u00e9side dans le fait qu&rsquo;un devis est une proposition de prix avant la prestation de services, tandis qu&rsquo;une facture est une demande de paiement apr\u00e8s la prestation de services. Un devis n&rsquo;implique aucune obligation l\u00e9gale de paiement, contrairement \u00e0 une facture. <\/p>\n<\/div><\/div>\n\n<div class=\"et_pb_module et_pb_button_module_wrapper et_pb_button_3_wrapper\"><a class=\"et_pb_button_3 et_pb_button et_pb_bg_layout_light et_pb_module et_flex_module\" href=\"https:\/\/catermonkey.com\/fr\/quelle-est-la-difference-entre-un-devis-et-une-facture\/\">Lees meer<\/a><\/div>\n<\/div>\n<\/div><div class=\"et_pb_column_5 et_pb_column et_flex_column et_pb_css_mix_blend_mode_passthrough et_flex_column_8_24 et_flex_column_8_24_tablet et_flex_column_24_24_phone\" data-loop-item=\"4\">\n<div class=\"et_pb_group_4 et_pb_group et-last-child et_pb_module et_flex_group et_pb_css_mix_blend_mode_passthrough\">\n<div class=\"et_pb_image_4 et_pb_image et_pb_module et_flex_module\"><a href=\"https:\/\/catermonkey.com\/fr\/un-devis-est-elle-un-contrat-valide\/\"><span class=\"et_pb_image_wrap\"><img decoding=\"async\" src=\"https:\/\/catermonkey.com\/fr\/wp-content\/uploads\/sites\/13\/2025\/12\/is-een-offerte-een-geldig-contract-1.png\" title=\"is-een-offerte-een-geldig-contract-1\" width=\"980\" height=\"490\" srcset=\"https:\/\/catermonkey.com\/fr\/wp-content\/uploads\/sites\/13\/2025\/12\/is-een-offerte-een-geldig-contract-1.png 980w, https:\/\/catermonkey.com\/fr\/wp-content\/uploads\/sites\/13\/2025\/12\/is-een-offerte-een-geldig-contract-1-480x240.png 480w\" sizes=\"(min-width: 0px) and (max-width: 480px) 480px, (min-width: 481px) 980px, 100vw\" class=\"wp-image-23971600\" \/><\/span><\/a><\/div>\n\n<div class=\"et_pb_heading_5 et_pb_heading et_clickable et_pb_module et_flex_module\"><div class=\"et_pb_heading_container\"><h2 class=\"et_pb_module_header\">Un devis est-elle un contrat valide ?<\/h2><\/div><\/div>\n\n<div class=\"et_pb_text_5 et_pb_text et_pb_bg_layout_light et_pb_module et_flex_module loop-excerpt\"><div class=\"et_pb_text_inner\"><p>Un devis devient un contrat valide lorsque les deux parties acceptent les conditions et qu&rsquo;il y a consentement mutuel. Dans le secteur de l&rsquo;h\u00f4tellerie et de l&rsquo;\u00e9v\u00e9nementiel, cela se fait g\u00e9n\u00e9ralement par confirmation \u00e9crite, signature ou paiement d&rsquo;un acompte. Sans acceptation claire, un devis reste une proposition sans engagement.  <\/p>\n<\/div><\/div>\n\n<div class=\"et_pb_module et_pb_button_module_wrapper et_pb_button_4_wrapper\"><a class=\"et_pb_button_4 et_pb_button et_pb_bg_layout_light et_pb_module et_flex_module\" href=\"https:\/\/catermonkey.com\/fr\/un-devis-est-elle-un-contrat-valide\/\">Lees meer<\/a><\/div>\n<\/div>\n<\/div><div class=\"et_pb_column_6 et_pb_column et_flex_column et_pb_css_mix_blend_mode_passthrough et_flex_column_8_24 et_flex_column_8_24_tablet et_flex_column_24_24_phone\" data-loop-item=\"5\">\n<div class=\"et_pb_group_5 et_pb_group et-last-child et_pb_module et_flex_group et_pb_css_mix_blend_mode_passthrough\">\n<div class=\"et_pb_image_5 et_pb_image et_pb_module et_flex_module\"><a href=\"https:\/\/catermonkey.com\/fr\/how-binding-is-a-quotation\/\"><span class=\"et_pb_image_wrap\"><img decoding=\"async\" src=\"https:\/\/catermonkey.com\/fr\/wp-content\/uploads\/sites\/13\/2025\/12\/hoe-bindend-is-een-offerte.png\" title=\"hoe-bindend-is-een-offerte\" width=\"980\" height=\"490\" srcset=\"https:\/\/catermonkey.com\/fr\/wp-content\/uploads\/sites\/13\/2025\/12\/hoe-bindend-is-een-offerte.png 980w, https:\/\/catermonkey.com\/fr\/wp-content\/uploads\/sites\/13\/2025\/12\/hoe-bindend-is-een-offerte-480x240.png 480w\" sizes=\"(min-width: 0px) and (max-width: 480px) 480px, (min-width: 481px) 980px, 100vw\" class=\"wp-image-23971593\" \/><\/span><\/a><\/div>\n\n<div class=\"et_pb_heading_6 et_pb_heading et_clickable et_pb_module et_flex_module\"><div class=\"et_pb_heading_container\"><h2 class=\"et_pb_module_header\">Dans quelle mesure un devis est-il contraignant ?<\/h2><\/div><\/div>\n\n<div class=\"et_pb_text_6 et_pb_text et_pb_bg_layout_light et_pb_module et_flex_module loop-excerpt\"><div class=\"et_pb_text_inner\"><p>Un devis devient contraignante d\u00e8s que le client l&rsquo;a accept\u00e9e et que toutes les conditions l\u00e9gales ont \u00e9t\u00e9 remplies. Cela signifie que les deux parties ont des obligations : vous devez fournir ce que vous avez promis et le client doit payer. Pour les professionnels de l&rsquo;h\u00f4tellerie et de l&rsquo;\u00e9v\u00e9nementiel, il est important de savoir quand un devis devient juridiquement contraignante et comment vous pouvez vous prot\u00e9ger. Un devis devient juridiquement contraignante lorsqu&rsquo;il existe un accord valide entre vous et votre client. Cela se produit d\u00e8s que trois conditions sont remplies : l&rsquo;acceptation, la sp\u00e9cificit\u00e9 et une p\u00e9riode de validit\u00e9 valide. L&rsquo;acceptation signifie que le client a clairement dit \u00ab oui \u00bb \u00e0 votre [\u2026]     <\/p>\n<\/div><\/div>\n\n<div class=\"et_pb_module et_pb_button_module_wrapper et_pb_button_5_wrapper\"><a class=\"et_pb_button_5 et_pb_button et_pb_bg_layout_light et_pb_module et_flex_module\" href=\"https:\/\/catermonkey.com\/fr\/how-binding-is-a-quotation\/\">Lees meer<\/a><\/div>\n<\/div>\n<\/div><div class=\"et_pb_column_7 et_pb_column et_flex_column et_pb_css_mix_blend_mode_passthrough et_flex_column_8_24 et_flex_column_8_24_tablet et_flex_column_24_24_phone\" data-loop-item=\"6\">\n<div class=\"et_pb_group_6 et_pb_group et-last-child et_pb_module et_flex_group et_pb_css_mix_blend_mode_passthrough\">\n<div class=\"et_pb_image_6 et_pb_image et_pb_module et_flex_module\"><a href=\"https:\/\/catermonkey.com\/fr\/quelle-est-la-meilleure-strategie-tarifaire-pour-les-petites-entreprises-de-restauration\/\"><span class=\"et_pb_image_wrap\"><img decoding=\"async\" src=\"https:\/\/catermonkey.com\/fr\/wp-content\/uploads\/sites\/13\/2025\/12\/Wat-is-de-beste-prijsstrategie-kleine-cateringbedrijven.png\" title=\"Wat-is-de-beste-prijsstrategie-kleine-cateringbedrijven\" width=\"980\" height=\"490\" srcset=\"https:\/\/catermonkey.com\/fr\/wp-content\/uploads\/sites\/13\/2025\/12\/Wat-is-de-beste-prijsstrategie-kleine-cateringbedrijven.png 980w, https:\/\/catermonkey.com\/fr\/wp-content\/uploads\/sites\/13\/2025\/12\/Wat-is-de-beste-prijsstrategie-kleine-cateringbedrijven-480x240.png 480w\" sizes=\"(min-width: 0px) and (max-width: 480px) 480px, (min-width: 481px) 980px, 100vw\" class=\"wp-image-23971471\" \/><\/span><\/a><\/div>\n\n<div class=\"et_pb_heading_7 et_pb_heading et_clickable et_pb_module et_flex_module\"><div class=\"et_pb_heading_container\"><h2 class=\"et_pb_module_header\">Quelle est la meilleure strat\u00e9gie tarifaire pour les petites entreprises de restauration ?<\/h2><\/div><\/div>\n\n<div class=\"et_pb_text_7 et_pb_text et_pb_bg_layout_light et_pb_module et_flex_module loop-excerpt\"><div class=\"et_pb_text_inner\"><p>La meilleure strat\u00e9gie tarifaire pour les petites entreprises de restauration combine des calculs soucieux des co\u00fbts, une analyse intelligente de la concurrence et des ajustements flexibles en fonction du type d&rsquo;\u00e9v\u00e9nement. Vous devez calculer votre co\u00fbt de revient avec pr\u00e9cision, appliquer une marge b\u00e9n\u00e9ficiaire saine de 20 \u00e0 35 % et utiliser diff\u00e9rentes strat\u00e9gies tarifaires en fonction du type d&rsquo;\u00e9v\u00e9nement. Une \u00e9valuation et un ajustement r\u00e9guliers de vos prix vous garantiront un succ\u00e8s durable.  <\/p>\n<\/div><\/div>\n\n<div class=\"et_pb_module et_pb_button_module_wrapper et_pb_button_6_wrapper\"><a class=\"et_pb_button_6 et_pb_button et_pb_bg_layout_light et_pb_module et_flex_module\" href=\"https:\/\/catermonkey.com\/fr\/quelle-est-la-meilleure-strategie-tarifaire-pour-les-petites-entreprises-de-restauration\/\">Lees meer<\/a><\/div>\n<\/div>\n<\/div><div class=\"et_pb_column_8 et_pb_column et_flex_column et_pb_css_mix_blend_mode_passthrough et_flex_column_8_24 et_flex_column_8_24_tablet et_flex_column_24_24_phone\" data-loop-item=\"7\">\n<div class=\"et_pb_group_7 et_pb_group et-last-child et_pb_module et_flex_group et_pb_css_mix_blend_mode_passthrough\">\n<div class=\"et_pb_image_7 et_pb_image et_pb_module et_flex_module\"><a href=\"https:\/\/catermonkey.com\/fr\/comment-elaborer-une-strategie-tarifaire-efficace-pour-la-restauration\/\"><span class=\"et_pb_image_wrap\"><img decoding=\"async\" src=\"https:\/\/catermonkey.com\/fr\/wp-content\/uploads\/sites\/13\/2025\/12\/Automatische-bestellingen-2.png\" title=\"Automatische-bestellingen-2\" width=\"980\" height=\"490\" srcset=\"https:\/\/catermonkey.com\/fr\/wp-content\/uploads\/sites\/13\/2025\/12\/Automatische-bestellingen-2.png 980w, https:\/\/catermonkey.com\/fr\/wp-content\/uploads\/sites\/13\/2025\/12\/Automatische-bestellingen-2-480x240.png 480w\" sizes=\"(min-width: 0px) and (max-width: 480px) 480px, (min-width: 481px) 980px, 100vw\" class=\"wp-image-23971461\" \/><\/span><\/a><\/div>\n\n<div class=\"et_pb_heading_8 et_pb_heading et_clickable et_pb_module et_flex_module\"><div class=\"et_pb_heading_container\"><h2 class=\"et_pb_module_header\">Comment \u00e9laborer une strat\u00e9gie tarifaire efficace pour la restauration ?<\/h2><\/div><\/div>\n\n<div class=\"et_pb_text_8 et_pb_text et_pb_bg_layout_light et_pb_module et_flex_module loop-excerpt\"><div class=\"et_pb_text_inner\"><p>Pour \u00e9laborer une strat\u00e9gie tarifaire efficace dans le domaine de la restauration, vous devez d&rsquo;abord calculer pr\u00e9cis\u00e9ment votre co\u00fbt de revient, puis analyser le march\u00e9 et la concurrence, avant d&rsquo;appliquer une marge b\u00e9n\u00e9ficiaire raisonnable. Vous devez \u00e9galement tenir compte de facteurs tels que la saisonnalit\u00e9, le type d&rsquo;\u00e9v\u00e9nement et le niveau de service. <\/p>\n<\/div><\/div>\n\n<div class=\"et_pb_module et_pb_button_module_wrapper et_pb_button_7_wrapper\"><a class=\"et_pb_button_7 et_pb_button et_pb_bg_layout_light et_pb_module et_flex_module\" href=\"https:\/\/catermonkey.com\/fr\/comment-elaborer-une-strategie-tarifaire-efficace-pour-la-restauration\/\">Lees meer<\/a><\/div>\n<\/div>\n<\/div><div class=\"et_pb_column_9 et_pb_column et_flex_column et_pb_column_empty et_pb_css_mix_blend_mode_passthrough et_flex_column_8_24 et_flex_column_8_24_tablet et_flex_column_24_24_phone\"><\/div><div class=\"et_pb_column_10 et_pb_column et-last-child et_flex_column et_pb_column_empty et_pb_css_mix_blend_mode_passthrough et_flex_column_8_24 et_flex_column_8_24_tablet et_flex_column_24_24_phone\"><\/div><\/div>\n\n<div class=\"et_pb_row_2 et_pb_row et_flex_row\">\n<div class=\"et_pb_column_11 et_pb_column et-last-child et_flex_column et_pb_css_mix_blend_mode_passthrough et_flex_column_24_24 et_flex_column_24_24_tablet et_flex_column_24_24_phone\">\n<div class=\"et_pb_post_nav_0 et_pb_posts_nav nav-single et_pb_module et_flex_module\"><\/div>\n<\/div>\n<\/div>\n<\/div>","protected":false},"excerpt":{"rendered":"","protected":false},"author":1,"featured_media":0,"parent":0,"menu_order":4,"comment_status":"closed","ping_status":"closed","template":"","meta":{"_acf_changed":false,"_improvement_type_select":"improve_an_existing","_thumb_yes_seoaic":false,"_frame_yes_seoaic":false,"seoaic_generate_description":"","seoaic_improve_instructions_prompt":"","seoaic_rollback_content_improvement":"","seoaic_idea_thumbnail_generator":"","thumbnail_generated":false,"thumbnail_generate_prompt":"","seoaic_article_description":"","footnotes":""},"class_list":["post-47","page","type-page","status-publish","hentry"],"acf":[],"_links":{"self":[{"href":"https:\/\/catermonkey.com\/fr\/wp-json\/wp\/v2\/pages\/47","targetHints":{"allow":["GET"]}}],"collection":[{"href":"https:\/\/catermonkey.com\/fr\/wp-json\/wp\/v2\/pages"}],"about":[{"href":"https:\/\/catermonkey.com\/fr\/wp-json\/wp\/v2\/types\/page"}],"author":[{"embeddable":true,"href":"https:\/\/catermonkey.com\/fr\/wp-json\/wp\/v2\/users\/1"}],"replies":[{"embeddable":true,"href":"https:\/\/catermonkey.com\/fr\/wp-json\/wp\/v2\/comments?post=47"}],"version-history":[{"count":1,"href":"https:\/\/catermonkey.com\/fr\/wp-json\/wp\/v2\/pages\/47\/revisions"}],"predecessor-version":[{"id":23975918,"href":"https:\/\/catermonkey.com\/fr\/wp-json\/wp\/v2\/pages\/47\/revisions\/23975918"}],"wp:attachment":[{"href":"https:\/\/catermonkey.com\/fr\/wp-json\/wp\/v2\/media?parent=47"}],"curies":[{"name":"wp","href":"https:\/\/api.w.org\/{rel}","templated":true}]}}